{"id":14,"date":"2015-02-22T19:56:18","date_gmt":"2015-02-22T19:56:18","guid":{"rendered":"http:\/\/wp\/enfold-medium-business\/?page_id=14"},"modified":"2024-11-18T09:17:07","modified_gmt":"2024-11-18T06:17:07","slug":"blog","status":"publish","type":"page","link":"https:\/\/cihatguven.com\/index.php\/blog\/","title":{"rendered":"Blog"},"content":{"rendered":"\n<style type=\"text\/css\" data-created_by=\"avia_inline_auto\" id=\"style-css-av-cuge2-e799b2541b5e332614beca7c6d092525\">\n.avia-section.av-cuge2-e799b2541b5e332614beca7c6d092525 .av-parallax .av-parallax-inner{\nbackground-repeat:no-repeat;\nbackground-image:url(https:\/\/cihatguven.com\/wp-content\/uploads\/2024\/11\/bg.png);\nbackground-position:50% 50%;\nbackground-attachment:scroll;\n}\n.avia-section.av-cuge2-e799b2541b5e332614beca7c6d092525 .av-section-color-overlay{\nopacity:0.7;\nbackground-color:#11182b;\n}\n<\/style>\n<div id='av_section_1'  class='avia-section av-cuge2-e799b2541b5e332614beca7c6d092525 main_color avia-section-huge avia-no-border-styling  avia-builder-el-0  el_before_av_layout_row  avia-builder-el-first  avia-full-stretch av-parallax-section avia-bg-style-parallax av-section-color-overlay-active av-minimum-height av-minimum-height-25  container_wrap sidebar_right'  data-section-bg-repeat='stretch' data-av_minimum_height_pc='25'><div class='av-parallax' data-avia-parallax-ratio='0.3' ><div class='av-parallax-inner main_color avia-full-stretch'><\/div><\/div><div class=\"av-section-color-overlay-wrap\"><div class=\"av-section-color-overlay\"><\/div><a href='#next-section' title='' class='scroll-down-link ' aria-hidden='true' data-av_icon='\ue877' data-av_iconfont='entypo-fontello'><\/a><div class='container av-section-cont-open' ><main  role=\"main\" itemprop=\"mainContentOfPage\"  class='template-page content  av-content-small alpha units'><div class='post-entry post-entry-type-page post-entry-14'><div class='entry-content-wrapper clearfix'>\n<div class='flex_column av-c58ae-14905cfc0e725c79614ce757448047a3 av_one_fifth  avia-builder-el-1  el_before_av_three_fifth  avia-builder-el-first  first flex_column_div '     ><\/div><div class='flex_column av-bn0i2-bd3e5439bdd7c242f7140332bdb93c9d av_three_fifth  avia-builder-el-2  el_after_av_one_fifth  el_before_av_one_fifth  flex_column_div '     ><style type=\"text\/css\" data-created_by=\"avia_inline_auto\" id=\"style-css-av-b22vi-77f507e351417730a257351df14c6247\">\n#top .av-special-heading.av-b22vi-77f507e351417730a257351df14c6247{\npadding-bottom:10px;\ncolor:#ffffff;\nfont-size:40px;\n}\nbody .av-special-heading.av-b22vi-77f507e351417730a257351df14c6247 .av-special-heading-tag .heading-char{\nfont-size:25px;\n}\n#top #wrap_all .av-special-heading.av-b22vi-77f507e351417730a257351df14c6247 .av-special-heading-tag{\nfont-size:40px;\n}\n.av-special-heading.av-b22vi-77f507e351417730a257351df14c6247 .special-heading-inner-border{\nborder-color:#ffffff;\n}\n.av-special-heading.av-b22vi-77f507e351417730a257351df14c6247 .av-subheading{\nfont-size:15px;\n}\n\n@media only screen and (min-width: 480px) and (max-width: 767px){ \n#top #wrap_all .av-special-heading.av-b22vi-77f507e351417730a257351df14c6247 .av-special-heading-tag{\nfont-size:0.8em;\n}\n}\n\n@media only screen and (max-width: 479px){ \n#top #wrap_all .av-special-heading.av-b22vi-77f507e351417730a257351df14c6247 .av-special-heading-tag{\nfont-size:0.8em;\n}\n}\n<\/style>\n<div  class='av-special-heading av-b22vi-77f507e351417730a257351df14c6247 av-special-heading-h1 custom-color-heading blockquote modern-quote modern-centered  avia-builder-el-3  avia-builder-el-no-sibling  av-inherit-size'><h1 class='av-special-heading-tag'  itemprop=\"headline\"  >Blog Sayfam<\/h1><div class=\"special-heading-border\"><div class=\"special-heading-inner-border\"><\/div><\/div><\/div><\/div><div class='flex_column av-9qnp6-e1650b3aed4c71483446e8151254d4a9 av_one_fifth  avia-builder-el-4  el_after_av_three_fifth  el_before_av_textblock  flex_column_div '     ><\/div><section  class='av_textblock_section av-1rmwm-9a5dc212b9fb5f3b84a2317de215b4e8'  itemscope=\"itemscope\" itemtype=\"https:\/\/schema.org\/CreativeWork\" ><div class='avia_textblock'  itemprop=\"text\" ><\/div><\/section>\n\n<\/div><\/div><\/main><!-- close content main element --><\/div><\/div><\/div><div id='av-layout-grid-1'  class='av-layout-grid-container av-9fnse-679a2f039d9a2191e3d5a3326b132550 entry-content-wrapper main_color av-flex-cells  avia-builder-el-6  el_after_av_section  el_before_av_section  grid-row-not-first  container_wrap sidebar_right'  >\n\n<style type=\"text\/css\" data-created_by=\"avia_inline_auto\" id=\"style-css-av-8jf52-c9bd7e7258db7dfd927749784f52108c\">\n.flex_cell.av-8jf52-c9bd7e7258db7dfd927749784f52108c{\nvertical-align:top;\n}\n.responsive #top #wrap_all .flex_cell.av-8jf52-c9bd7e7258db7dfd927749784f52108c{\npadding:0px 0px 0px 0px !important;\n}\n<\/style>\n<div class='flex_cell av-8jf52-c9bd7e7258db7dfd927749784f52108c av-gridrow-cell av_three_fourth no_margin  avia-builder-el-7  el_before_av_cell_one_fourth  avia-builder-el-first  av-zero-padding' ><div class='flex_cell_inner'><div id='av-masonry-1' class='av-masonry av-m3lui0ua-602abf198790a8f67c3842d6467c605b noHover av-fixed-size av-1px-gap av-hover-overlay-active av-masonry-animation-active av-masonry-col-4 av-caption-always av-caption-style- av-masonry-entries ' data-post_id=\"14\"><div class='av-masonry-sort main_color av-sort-yes' data-masonry-id='1' ><div class='av-sort-by-term  ' data-av-allowed-sort='[\"dijital-pazarlama-ve-sosyal-medya-yonetimi_sort\",\"halkla-iliskiler-ve-kriz-yonetimi_sort\",\"pazarlama_sort\"]' ><a href=\"#\" data-filter=\"all_sort\" class=\"all_sort_button active_sort\"><span class=\"inner_sort_button\"><span>T\u00fcm\u00fc<\/span><small class=\"avia-term-count\"> 5 <\/small><\/span><\/a><span class='text-sep dijital-pazarlama-ve-sosyal-medya-yonetimi_sort_sep avia_show_sort'>\/<\/span><a href=\"#\" data-filter=\"dijital-pazarlama-ve-sosyal-medya-yonetimi_sort\" class=\"dijital-pazarlama-ve-sosyal-medya-yonetimi_sort_button avia_show_sort\" ><span class=\"inner_sort_button\"><span>Dijital Pazarlama ve Sosyal Medya Y\u00f6netimi<\/span><small class='avia-term-count'> 1 <\/small><\/span><\/a><span class='text-sep halkla-iliskiler-ve-kriz-yonetimi_sort_sep avia_show_sort'>\/<\/span><a href=\"#\" data-filter=\"halkla-iliskiler-ve-kriz-yonetimi_sort\" class=\"halkla-iliskiler-ve-kriz-yonetimi_sort_button avia_show_sort\" ><span class=\"inner_sort_button\"><span>Halkla \u0130li\u015fkiler ve Kriz Y\u00f6netimi<\/span><small class='avia-term-count'> 1 <\/small><\/span><\/a><span class='text-sep pazarlama_sort_sep avia_show_sort'>\/<\/span><a href=\"#\" data-filter=\"pazarlama_sort\" class=\"pazarlama_sort_button avia_show_sort\" ><span class=\"inner_sort_button\"><span>Pazarlama<\/span><small class='avia-term-count'> 3 <\/small><\/span><\/a><\/div><\/div><div class=\"av-masonry-container isotope av-js-disabled\"><div class='av-masonry-entry isotope-item av-masonry-item-no-image all_sort pazarlama_sort  dijital-pazarlama-ve-sosyal-medya-yonetimi_sort  halkla-iliskiler-ve-kriz-yonetimi_sort '><\/div><a href=\"https:\/\/cihatguven.com\/index.php\/2024\/11\/17\/siyasal-iletisim-ve-secim-kampanyalarinda-basari-hikayesi\/\"  id='av-masonry-1-item-660' data-av-masonry-item='660' class='av-masonry-entry isotope-item post-660 post type-post status-publish format-standard hentry category-pazarlama all_sort pazarlama_sort  av-masonry-item-no-image' title=\"Siyasal \u0130leti\u015fim ve Se\u00e7im Kampanyalar\u0131nda Ba\u015far\u0131 Hikayesi\"   itemscope=\"itemscope\" itemtype=\"https:\/\/schema.org\/CreativeWork\" ><div class='av-inner-masonry-sizer'><\/div><figure class='av-inner-masonry main_color'><figcaption class='av-inner-masonry-content site-background'><div class='av-inner-masonry-content-pos'><div class='av-inner-masonry-content-pos-content'><div class='avia-arrow'><\/div><h3 class='av-masonry-entry-title entry-title '  itemprop=\"headline\" >Siyasal \u0130leti\u015fim ve Se\u00e7im Kampanyalar\u0131nda Ba\u015far\u0131 Hikayesi<\/h3><span class='av-masonry-date meta-color updated'>Kas\u0131m 17, 2024<\/span><span class=\"av-masonry-text-sep text-sep-author\">\/<\/span><span class='av-masonry-author meta-color author'><span class='fn'>taraf\u0131ndan admin<\/span><\/span><\/div><\/div><\/figcaption><\/figure><\/a><!--end av-masonry entry--><a href=\"https:\/\/cihatguven.com\/index.php\/2024\/11\/17\/aizonai-2000-yil-oncesine-buyuleyici-bir-yolculuk\/\"  id='av-masonry-1-item-658' data-av-masonry-item='658' class='av-masonry-entry isotope-item post-658 post type-post status-publish format-standard hentry category-pazarlama all_sort pazarlama_sort  av-masonry-item-no-image' title=\"\u201cAizonai\u201d 2000 y\u0131l \u00f6ncesine b\u00fcy\u00fcleyici bir yolculuk!\"   itemscope=\"itemscope\" itemtype=\"https:\/\/schema.org\/CreativeWork\" ><div class='av-inner-masonry-sizer'><\/div><figure class='av-inner-masonry main_color'><figcaption class='av-inner-masonry-content site-background'><div class='av-inner-masonry-content-pos'><div class='av-inner-masonry-content-pos-content'><div class='avia-arrow'><\/div><h3 class='av-masonry-entry-title entry-title '  itemprop=\"headline\" >\u201cAizonai\u201d 2000 y\u0131l \u00f6ncesine b\u00fcy\u00fcleyici bir yolculuk!<\/h3><span class='av-masonry-date meta-color updated'>Kas\u0131m 17, 2024<\/span><span class=\"av-masonry-text-sep text-sep-author\">\/<\/span><span class='av-masonry-author meta-color author'><span class='fn'>taraf\u0131ndan admin<\/span><\/span><\/div><\/div><\/figcaption><\/figure><\/a><!--end av-masonry entry--><a href=\"https:\/\/cihatguven.com\/index.php\/2024\/11\/17\/illuminare-akhisarin-destinasyon-pazarlamasi-hikayesi\/\"  id='av-masonry-1-item-642' data-av-masonry-item='642' class='av-masonry-entry isotope-item post-642 post type-post status-publish format-standard hentry category-pazarlama all_sort pazarlama_sort  av-masonry-item-no-image' title=\"\u201c\u0130lluminare\u201d: Akhisar&#8217;\u0131n Destinasyon Pazarlamas\u0131 Hikayesi\"   itemscope=\"itemscope\" itemtype=\"https:\/\/schema.org\/CreativeWork\" ><div class='av-inner-masonry-sizer'><\/div><figure class='av-inner-masonry main_color'><figcaption class='av-inner-masonry-content site-background'><div class='av-inner-masonry-content-pos'><div class='av-inner-masonry-content-pos-content'><div class='avia-arrow'><\/div><h3 class='av-masonry-entry-title entry-title '  itemprop=\"headline\" >\u201c\u0130lluminare\u201d: Akhisar&#8217;\u0131n Destinasyon Pazarlamas\u0131 Hikayesi<\/h3><span class='av-masonry-date meta-color updated'>Kas\u0131m 17, 2024<\/span><span class=\"av-masonry-text-sep text-sep-author\">\/<\/span><span class='av-masonry-author meta-color author'><span class='fn'>taraf\u0131ndan admin<\/span><\/span><\/div><\/div><\/figcaption><\/figure><\/a><!--end av-masonry entry--><a href=\"https:\/\/cihatguven.com\/index.php\/2024\/11\/17\/siyasette-dijital-iletisimin-gucu\/\"  id='av-masonry-1-item-51' data-av-masonry-item='51' class='av-masonry-entry isotope-item post-51 post type-post status-publish format-audio has-post-thumbnail hentry category-dijital-pazarlama-ve-sosyal-medya-yonetimi tag-dijital-pazarlama tag-sosyal-medya-yonetimi post_format-post-format-audio all_sort dijital-pazarlama-ve-sosyal-medya-yonetimi_sort  av-masonry-item-no-image' title=\"Siyasette Dijital \u0130leti\u015fimin G\u00fcc\u00fc\"   itemscope=\"itemscope\" itemtype=\"https:\/\/schema.org\/CreativeWork\" ><div class='av-inner-masonry-sizer'><\/div><figure class='av-inner-masonry main_color'><figcaption class='av-inner-masonry-content site-background'><div class='av-inner-masonry-content-pos'><div class='av-inner-masonry-content-pos-content'><div class='avia-arrow'><\/div><span class='av-icon-display av-masonry-media' aria-hidden='true' data-av_icon='\ue801' data-av_iconfont='entypo-fontello'><\/span><h3 class='av-masonry-entry-title entry-title '  itemprop=\"headline\" >Siyasette Dijital \u0130leti\u015fimin G\u00fcc\u00fc<\/h3><div class='av-masonry-entry-content entry-content'  itemprop=\"text\" >Siyasette Dijital \u0130leti\u015fimin G\u00fcc\u00fc: Kampanyalar\u0131n\u0131z\u0131\u2026<\/div><span class='av-masonry-date meta-color updated'>Kas\u0131m 17, 2024<\/span><span class=\"av-masonry-text-sep text-sep-author\">\/<\/span><span class='av-masonry-author meta-color author'><span class='fn'>taraf\u0131ndan admin<\/span><\/span><\/div><\/div><\/figcaption><\/figure><\/a><!--end av-masonry entry--><a href=\"https:\/\/cihatguven.com\/index.php\/2024\/11\/17\/kriz-yonetiminde-dogru-iletisimin-onemi\/\"  id='av-masonry-1-item-47' data-av-masonry-item='47' class='av-masonry-entry isotope-item post-47 post type-post status-publish format-video hentry category-halkla-iliskiler-ve-kriz-yonetimi tag-halkla-iliskiler tag-kriz-yonetimi post_format-post-format-video all_sort halkla-iliskiler-ve-kriz-yonetimi_sort  av-masonry-item-no-image' title=\"Kriz Y\u00f6netiminde Do\u011fru \u0130leti\u015fimin \u00d6nemi\"   itemscope=\"itemscope\" itemtype=\"https:\/\/schema.org\/CreativeWork\" ><div class='av-inner-masonry-sizer'><\/div><figure class='av-inner-masonry main_color'><figcaption class='av-inner-masonry-content site-background'><div class='av-inner-masonry-content-pos'><div class='av-inner-masonry-content-pos-content'><div class='avia-arrow'><\/div><span class='av-icon-display ' aria-hidden='true' data-av_icon='\ue80d' data-av_iconfont='entypo-fontello'><\/span><h3 class='av-masonry-entry-title entry-title '  itemprop=\"headline\" >Kriz Y\u00f6netiminde Do\u011fru \u0130leti\u015fimin \u00d6nemi<\/h3><div class='av-masonry-entry-content entry-content'  itemprop=\"text\" >https:\/\/www.youtube.com\/watch?v=34RsefZzs_Y<br \/>\r\nKategori: Halkla\u2026<\/div><span class='av-masonry-date meta-color updated'>Kas\u0131m 17, 2024<\/span><span class=\"av-masonry-text-sep text-sep-author\">\/<\/span><span class='av-masonry-author meta-color author'><span class='fn'>taraf\u0131ndan admin<\/span><\/span><\/div><\/div><\/figcaption><\/figure><\/a><!--end av-masonry entry--><\/div><\/div>\n<\/div><\/div>\n<style type=\"text\/css\" data-created_by=\"avia_inline_auto\" id=\"style-css-av-qgxy-7f150f9e742d1bed1d8f38c1b2fd4513\">\n.flex_cell.av-qgxy-7f150f9e742d1bed1d8f38c1b2fd4513{\nvertical-align:top;\n}\n.responsive #top #wrap_all .flex_cell.av-qgxy-7f150f9e742d1bed1d8f38c1b2fd4513{\npadding:30px 30px 30px 30px !important;\n}\n<\/style>\n<div class='flex_cell av-qgxy-7f150f9e742d1bed1d8f38c1b2fd4513 av-gridrow-cell av_one_fourth no_margin  avia-builder-el-9  el_after_av_cell_three_fourth  avia-builder-el-last ' ><div class='flex_cell_inner'><div  class='avia-builder-widget-area clearfix  avia-builder-el-10  avia-builder-el-no-sibling '><section id=\"search-2\" class=\"widget clearfix widget_search\">\n\n<form action=\"https:\/\/cihatguven.com\/\" id=\"searchform\" method=\"get\" class=\"\">\n\t<div>\n\t\t<input type=\"submit\" value=\"\ue803\" id=\"searchsubmit\" class=\"button avia-font-entypo-fontello\" \/>\n\t\t<input type=\"text\" id=\"s\" name=\"s\" value=\"\" placeholder='Ara' \/>\n\t\t\t<\/div>\n<\/form>\n<span class=\"seperator extralight-border\"><\/span><\/section>\n\t\t<section id=\"recent-posts-2\" class=\"widget clearfix widget_recent_entries\">\n\t\t<h3 class=\"widgettitle\">Son Yaz\u0131lar<\/h3>\n\t\t<ul>\n\t\t\t\t\t\t\t\t\t\t\t<li>\n\t\t\t\t\t<a href=\"https:\/\/cihatguven.com\/index.php\/2024\/11\/17\/siyasal-iletisim-ve-secim-kampanyalarinda-basari-hikayesi\/\">Siyasal \u0130leti\u015fim ve Se\u00e7im Kampanyalar\u0131nda Ba\u015far\u0131 Hikayesi<\/a>\n\t\t\t\t\t\t\t\t\t<\/li>\n\t\t\t\t\t\t\t\t\t\t\t<li>\n\t\t\t\t\t<a href=\"https:\/\/cihatguven.com\/index.php\/2024\/11\/17\/aizonai-2000-yil-oncesine-buyuleyici-bir-yolculuk\/\">\u201cAizonai\u201d 2000 y\u0131l \u00f6ncesine b\u00fcy\u00fcleyici bir yolculuk!<\/a>\n\t\t\t\t\t\t\t\t\t<\/li>\n\t\t\t\t\t\t\t\t\t\t\t<li>\n\t\t\t\t\t<a href=\"https:\/\/cihatguven.com\/index.php\/2024\/11\/17\/illuminare-akhisarin-destinasyon-pazarlamasi-hikayesi\/\">\u201c\u0130lluminare\u201d: Akhisar&#8217;\u0131n Destinasyon Pazarlamas\u0131 Hikayesi<\/a>\n\t\t\t\t\t\t\t\t\t<\/li>\n\t\t\t\t\t\t\t\t\t\t\t<li>\n\t\t\t\t\t<a href=\"https:\/\/cihatguven.com\/index.php\/2024\/11\/17\/siyasette-dijital-iletisimin-gucu\/\">Siyasette Dijital \u0130leti\u015fimin G\u00fcc\u00fc<\/a>\n\t\t\t\t\t\t\t\t\t<\/li>\n\t\t\t\t\t\t\t\t\t\t\t<li>\n\t\t\t\t\t<a href=\"https:\/\/cihatguven.com\/index.php\/2024\/11\/17\/kriz-yonetiminde-dogru-iletisimin-onemi\/\">Kriz Y\u00f6netiminde Do\u011fru \u0130leti\u015fimin \u00d6nemi<\/a>\n\t\t\t\t\t\t\t\t\t<\/li>\n\t\t\t\t\t<\/ul>\n\n\t\t<span class=\"seperator extralight-border\"><\/span><\/section><section id=\"recent-comments-2\" class=\"widget clearfix widget_recent_comments\"><h3 class=\"widgettitle\">Son yorumlar<\/h3><ul id=\"recentcomments\"><\/ul><span class=\"seperator extralight-border\"><\/span><\/section><section id=\"archives-2\" class=\"widget clearfix widget_archive\"><h3 class=\"widgettitle\">Ar\u015fivler<\/h3>\n\t\t\t<ul>\n\t\t\t\t\t<li><a href='https:\/\/cihatguven.com\/index.php\/2024\/11\/'>Kas\u0131m 2024<\/a><\/li>\n\t\t\t<\/ul>\n\n\t\t\t<span class=\"seperator extralight-border\"><\/span><\/section><section id=\"categories-2\" class=\"widget clearfix widget_categories\"><h3 class=\"widgettitle\">Kategoriler<\/h3>\n\t\t\t<ul>\n\t\t\t\t\t<li class=\"cat-item cat-item-19\"><a href=\"https:\/\/cihatguven.com\/index.php\/category\/dijital-pazarlama-ve-sosyal-medya-yonetimi\/\">Dijital Pazarlama ve Sosyal Medya Y\u00f6netimi<\/a>\n<\/li>\n\t<li class=\"cat-item cat-item-20\"><a href=\"https:\/\/cihatguven.com\/index.php\/category\/halkla-iliskiler-ve-kriz-yonetimi\/\">Halkla \u0130li\u015fkiler ve Kriz Y\u00f6netimi<\/a>\n<\/li>\n\t<li class=\"cat-item cat-item-25\"><a href=\"https:\/\/cihatguven.com\/index.php\/category\/pazarlama\/\">Pazarlama<\/a>\n<\/li>\n\t\t\t<\/ul>\n\n\t\t\t<span class=\"seperator extralight-border\"><\/span><\/section><\/div>\n<\/div><\/div>\n<\/div>\n\n<style type=\"text\/css\" data-created_by=\"avia_inline_auto\" id=\"style-css-av-6afsa-a4fab47fa978a2e3da8a53e34e68a08e\">\n.avia-section.av-6afsa-a4fab47fa978a2e3da8a53e34e68a08e .av-parallax .av-parallax-inner{\nbackground-repeat:no-repeat;\nbackground-image:url(https:\/\/cihatguven.com\/wp-content\/uploads\/2024\/11\/bg.png);\nbackground-position:50% 50%;\nbackground-attachment:scroll;\n}\n.avia-section.av-6afsa-a4fab47fa978a2e3da8a53e34e68a08e .av-section-color-overlay{\nopacity:0.5;\nbackground-color:#11182b;\n}\n<\/style>\n<div id='av_section_2'  class='avia-section av-6afsa-a4fab47fa978a2e3da8a53e34e68a08e main_color avia-section-default avia-no-border-styling  avia-builder-el-11  el_after_av_layout_row  avia-builder-el-last  avia-full-stretch av-parallax-section avia-bg-style-parallax av-section-color-overlay-active container_wrap sidebar_right'  data-section-bg-repeat='stretch'><div class='av-parallax' data-avia-parallax-ratio='0.3' ><div class='av-parallax-inner main_color avia-full-stretch'><\/div><\/div><div class=\"av-section-color-overlay-wrap\"><div class=\"av-section-color-overlay\"><\/div><div class='container av-section-cont-open' ><div class='template-page content  av-content-small alpha units'><div class='post-entry post-entry-type-page post-entry-14'><div class='entry-content-wrapper clearfix'>\n<div class='flex_column av-5y9cy-4cae65456f459df5c96cd81bf1b5ec6d av_one_fifth  avia-builder-el-12  el_before_av_three_fifth  avia-builder-el-first  first flex_column_div '     ><\/div><div class='flex_column av-j1cm-b24fd142936e370f03cdc81426c312d0 av_three_fifth  avia-builder-el-13  el_after_av_one_fifth  el_before_av_one_fifth  flex_column_div '     ><style type=\"text\/css\" data-created_by=\"avia_inline_auto\" id=\"style-css-av-4pxlq-dd3438075167de85bbde88f0401eed30\">\n#top .av-special-heading.av-4pxlq-dd3438075167de85bbde88f0401eed30{\npadding-bottom:10px;\ncolor:#fcfcfc;\nfont-size:40px;\n}\nbody .av-special-heading.av-4pxlq-dd3438075167de85bbde88f0401eed30 .av-special-heading-tag .heading-char{\nfont-size:25px;\n}\n#top #wrap_all .av-special-heading.av-4pxlq-dd3438075167de85bbde88f0401eed30 .av-special-heading-tag{\nfont-size:40px;\n}\n.av-special-heading.av-4pxlq-dd3438075167de85bbde88f0401eed30 .special-heading-inner-border{\nborder-color:#fcfcfc;\n}\n.av-special-heading.av-4pxlq-dd3438075167de85bbde88f0401eed30 .av-subheading{\nfont-size:15px;\n}\n\n@media only screen and (min-width: 480px) and (max-width: 767px){ \n#top #wrap_all .av-special-heading.av-4pxlq-dd3438075167de85bbde88f0401eed30 .av-special-heading-tag{\nfont-size:0.8em;\n}\n}\n\n@media only screen and (max-width: 479px){ \n#top #wrap_all .av-special-heading.av-4pxlq-dd3438075167de85bbde88f0401eed30 .av-special-heading-tag{\nfont-size:0.8em;\n}\n}\n<\/style>\n<div  class='av-special-heading av-4pxlq-dd3438075167de85bbde88f0401eed30 av-special-heading-h1 custom-color-heading blockquote modern-quote modern-centered  avia-builder-el-14  avia-builder-el-no-sibling  av-thin-font av-inherit-size'><h1 class='av-special-heading-tag'  itemprop=\"headline\"  >Bloglar\u0131m\u0131 be\u011fendiniz mi? <strong>Fikir ve d\u00fc\u015f\u00fcnceleriniz l\u00fctfen iletin.<\/strong><\/h1><div class=\"special-heading-border\"><div class=\"special-heading-inner-border\"><\/div><\/div><\/div><\/div><div class='flex_column av-43y0i-3f32faf9becb408e2602abd6160db05d av_one_fifth  avia-builder-el-15  el_after_av_three_fifth  el_before_av_one_fifth  flex_column_div '     ><\/div><div class='flex_column av-23fr2-1419b360127f285a0222c20546bed95a av_one_fifth  avia-builder-el-16  el_after_av_one_fifth  el_before_av_three_fifth  first flex_column_div column-top-margin'     ><\/div><div class='flex_column av-1jk0e-19dbf1a1f5127ae9387702b709fbd2c5 av_three_fifth  avia-builder-el-17  el_after_av_one_fifth  el_before_av_one_fifth  flex_column_div column-top-margin'     ><form action=\"https:\/\/cihatguven.com\/index.php\/blog\/\" method=\"post\"  class=\"avia_ajax_form av-form-labels-hidden   avia-builder-el-18  avia-builder-el-no-sibling   \" data-avia-form-id=\"1\" data-avia-redirect='' ><fieldset><p class='  first_form  form_element form_element_three_fourth av-last-visible-form-element' id='element_avia_1_1'><label for=\"avia_1_1\">E-posta adresiniz<\/label> <input name=\"avia_1_1\" class=\"text_input \" type=\"text\" id=\"avia_1_1\" value=\"\"  placeholder='E-posta adresiniz'\/><\/p><p class=\"hidden\"><input type=\"text\" name=\"avia_2_1\" class=\"hidden \" id=\"avia_2_1\" value=\"\" \/><\/p><p class=\"form_element form_element_fourth modified_width\"><input type=\"hidden\" value=\"1\" name=\"avia_generated_form1\" \/><input type=\"submit\" value=\"G\u00f6nder\" class=\"button\"  data-sending-label=\"G\u00f6nderiliyor\"\/><\/p><\/fieldset><\/form><div id=\"ajaxresponse_1\" class=\"ajaxresponse ajaxresponse_1 hidden\"><\/div><\/div><div class='flex_column av-xze2-f65c5058b0d07c577f461f84d2fe5184 av_one_fifth  avia-builder-el-19  el_after_av_three_fifth  el_before_av_textblock  flex_column_div column-top-margin'     ><\/div><section  class='av_textblock_section av-uwti-f178931541b36c23373d3d227f6e4f54'  itemscope=\"itemscope\" itemtype=\"https:\/\/schema.org\/CreativeWork\" ><div class='avia_textblock'  itemprop=\"text\" ><\/div><\/section>\n<\/div><\/div><\/div><!-- close content main div --><\/div><\/div><\/div><div id='after_section_2'  class='main_color av_default_container_wrap container_wrap sidebar_right'  ><div class='container av-section-cont-open' ><div class='template-page content  av-content-small alpha units'><div class='post-entry post-entry-type-page post-entry-14'><div class='entry-content-wrapper clearfix'>\n","protected":false},"excerpt":{"rendered":"","protected":false},"author":1,"featured_media":0,"parent":0,"menu_order":0,"comment_status":"closed","ping_status":"closed","template":"","meta":{"footnotes":""},"class_list":["post-14","page","type-page","status-publish","hentry"],"_links":{"self":[{"href":"https:\/\/cihatguven.com\/index.php\/wp-json\/wp\/v2\/pages\/14","targetHints":{"allow":["GET"]}}],"collection":[{"href":"https:\/\/cihatguven.com\/index.php\/wp-json\/wp\/v2\/pages"}],"about":[{"href":"https:\/\/cihatguven.com\/index.php\/wp-json\/wp\/v2\/types\/page"}],"author":[{"embeddable":true,"href":"https:\/\/cihatguven.com\/index.php\/wp-json\/wp\/v2\/users\/1"}],"replies":[{"embeddable":true,"href":"https:\/\/cihatguven.com\/index.php\/wp-json\/wp\/v2\/comments?post=14"}],"version-history":[{"count":28,"href":"https:\/\/cihatguven.com\/index.php\/wp-json\/wp\/v2\/pages\/14\/revisions"}],"predecessor-version":[{"id":671,"href":"https:\/\/cihatguven.com\/index.php\/wp-json\/wp\/v2\/pages\/14\/revisions\/671"}],"wp:attachment":[{"href":"https:\/\/cihatguven.com\/index.php\/wp-json\/wp\/v2\/media?parent=14"}],"curies":[{"name":"wp","href":"https:\/\/api.w.org\/{rel}","templated":true}]}}