{"id":519,"date":"2015-02-22T19:55:57","date_gmt":"2015-02-22T19:55:57","guid":{"rendered":"http:\/\/wp\/enfold-medium-business\/?page_id=11"},"modified":"2024-11-17T16:51:58","modified_gmt":"2024-11-17T16:51:58","slug":"anasayfa","status":"publish","type":"page","link":"https:\/\/cihatguven.com\/","title":{"rendered":"Anasayfa"},"content":{"rendered":"\n<style type=\"text\/css\" data-created_by=\"avia_inline_auto\" id=\"style-css-av-bav1lz-ceead68824d1a50d936c276783ebe65e\">\n.avia-section.av-bav1lz-ceead68824d1a50d936c276783ebe65e{\nbackground-repeat:no-repeat;\nbackground-image:url(https:\/\/cihatguven.com\/wp-content\/uploads\/2024\/11\/bg3.jpg);\nbackground-position:50% 50%;\nbackground-attachment:scroll;\n}\n<\/style>\n<div id='av_section_1'  class='avia-section av-bav1lz-ceead68824d1a50d936c276783ebe65e main_color avia-section-default avia-no-border-styling  avia-builder-el-0  el_before_av_section  avia-builder-el-first  avia-full-stretch avia-bg-style-scroll av-minimum-height av-minimum-height-75  container_wrap sidebar_right'  data-section-bg-repeat='stretch' data-av_minimum_height_pc='75'><div class=\"av-section-color-overlay-wrap\"><a href='#next-section' title='' class='scroll-down-link ' aria-hidden='true' data-av_icon='\ue877' data-av_iconfont='entypo-fontello'><\/a><div class='container av-section-cont-open' ><main  role=\"main\" itemprop=\"mainContentOfPage\"  class='template-page content  av-content-small alpha units'><div class='post-entry post-entry-type-page post-entry-519'><div class='entry-content-wrapper clearfix'>\n<div class='flex_column av-b7kbov-1614805d4363fc35a2d3dcfc14d28159 av_three_fourth  avia-builder-el-1  avia-builder-el-no-sibling  first flex_column_div '     ><p>\n<style type=\"text\/css\" data-created_by=\"avia_inline_auto\" id=\"style-css-av-ayh4db-6bed4428fc97a64fe1f70777b2b70ce0\">\n#top .av-rotator-container.av-ayh4db-6bed4428fc97a64fe1f70777b2b70ce0{\ntext-align:left;\ncolor:#ffffff;\n}\n#top #wrap_all .av-rotator-container.av-ayh4db-6bed4428fc97a64fe1f70777b2b70ce0 .av-rotator-container-inner{\nfont-size:63px;\n}\n<\/style>\n\n<style type=\"text\/css\" data-created_by=\"avia_inline_auto\" id=\"style-css-sub-av-ayh4db-6bed4428fc97a64fe1f70777b2b70ce0\">\n#top .av-rotator-container .av-rotator-text-single.av-3vkbj-70f80dff6fa657114ced23d5bd0a5fca{\ncolor:#d61919;\n}\n#top .av-rotator-container .av-rotator-text-single.av-m3lp3g2t-3fe7ee38371ab4fa15146ca39c7c4887{\ncolor:#d61919;\n}\n#top .av-rotator-container .av-rotator-text-single.av-m3lp3oiy-639fe56b1fdead0f7eff542575c94030{\ncolor:#d61919;\n}\n<\/style>\n<div  class='av-rotator-container av-rotation-container-left av-ayh4db-6bed4428fc97a64fe1f70777b2b70ce0  avia-builder-el-2  el_before_av_hr  avia-builder-el-first ' data-interval='3' data-animation='1'><h2 class='av-rotator-container-inner'>Unutmay\u0131n!<br \/>\nGelece\u011fin Size \u0130htiyac\u0131 var!<span class='av-rotator-text av-rotator-multiline-on'>\n<span class='av-rotator-text-single av-3vkbj-70f80dff6fa657114ced23d5bd0a5fca av-rotator-text-single-1'>D\u00fcn<\/span>\n<span class='av-rotator-text-single av-m3lp3g2t-3fe7ee38371ab4fa15146ca39c7c4887 av-rotator-text-single-2'>Bug\u00fcn<\/span>\n<span class='av-rotator-text-single av-m3lp3oiy-639fe56b1fdead0f7eff542575c94030 av-rotator-text-single-3'>Yar\u0131n<\/span>\n<\/span><\/h2><\/div><br \/>\n\n<style type=\"text\/css\" data-created_by=\"avia_inline_auto\" id=\"style-css-av-m3lt44mk-100140f5461b5844350134a4a81eac29\">\n#top .hr.hr-invisible.av-m3lt44mk-100140f5461b5844350134a4a81eac29{\nheight:30px;\n}\n<\/style>\n<div  class='hr av-m3lt44mk-100140f5461b5844350134a4a81eac29 hr-invisible  avia-builder-el-3  el_after_av_headline_rotator  el_before_av_button '><span class='hr-inner '><span class=\"hr-inner-style\"><\/span><\/span><\/div><br \/>\n<div  class='avia-button-wrap av-m3lp9yi6-f2b2437cbe429920fba69dcc392ac276-wrap avia-button-left  avia-builder-el-4  el_after_av_hr  avia-builder-el-last '>\n<style type=\"text\/css\" data-created_by=\"avia_inline_auto\" id=\"style-css-av-m3lp9yi6-f2b2437cbe429920fba69dcc392ac276\">\n#top #wrap_all .avia-button.av-m3lp9yi6-f2b2437cbe429920fba69dcc392ac276{\nfont-size:18px;\n-webkit-transition:all 0.4s ease-in-out;\n-moz-transition:all 0.4s ease-in-out;\n-ms-transition:all 0.4s ease-in-out;\n-o-transition:all 0.4s ease-in-out;\ntransition:all 0.4s ease-in-out;\n}\n<\/style>\n<a href='https:\/\/cihatguven.com\/index.php\/bize-ulasin\/'  class='avia-button av-m3lp9yi6-f2b2437cbe429920fba69dcc392ac276 avia-icon_select-yes-left-icon avia-size-large avia-position-left avia-color-red'  ><span class='avia_button_icon avia_button_icon_left' aria-hidden='true' data-av_icon='\ue805' data-av_iconfont='entypo-fontello'><\/span><span class='avia_iconbox_title' >Bize Ula\u015f\u0131n<\/span><\/a><\/div><\/p><\/div><\/div><\/div><\/main><!-- close content main element --><\/div><\/div><\/div><div id='av_section_2'  class='avia-section av-9iamlj-db1817581a03d4ae370155be4f304150 main_color avia-section-huge avia-no-border-styling  avia-builder-el-5  el_after_av_section  avia-builder-el-last  avia-bg-style-scroll container_wrap sidebar_right'  ><div class='container av-section-cont-open' ><div class='template-page content  av-content-small alpha units'><div class='post-entry post-entry-type-page post-entry-519'><div class='entry-content-wrapper clearfix'>\n<div class='flex_column av-9brdgn-2376f3bebca69f4ff7d119c6be7e6126 av_one_fifth  avia-builder-el-6  el_before_av_three_fifth  avia-builder-el-first  first flex_column_div '     ><\/div><div class='flex_column av-95140f-f99229b1a20fc4d91858522a4920582a av_three_fifth  avia-builder-el-7  el_after_av_one_fifth  el_before_av_one_fifth  flex_column_div '     ><style type=\"text\/css\" data-created_by=\"avia_inline_auto\" id=\"style-css-av-wkak7-baf06b59090e15f5f914767d6fb237fa\">\n#top .av-special-heading.av-wkak7-baf06b59090e15f5f914767d6fb237fa{\npadding-bottom:10px;\nfont-size:40px;\n}\nbody .av-special-heading.av-wkak7-baf06b59090e15f5f914767d6fb237fa .av-special-heading-tag .heading-char{\nfont-size:25px;\n}\n#top #wrap_all .av-special-heading.av-wkak7-baf06b59090e15f5f914767d6fb237fa .av-special-heading-tag{\nfont-size:40px;\n}\n.av-special-heading.av-wkak7-baf06b59090e15f5f914767d6fb237fa .av-subheading{\nfont-size:15px;\n}\n\n@media only screen and (min-width: 480px) and (max-width: 767px){ \n#top #wrap_all .av-special-heading.av-wkak7-baf06b59090e15f5f914767d6fb237fa .av-special-heading-tag{\nfont-size:0.8em;\n}\n}\n\n@media only screen and (max-width: 479px){ \n#top #wrap_all .av-special-heading.av-wkak7-baf06b59090e15f5f914767d6fb237fa .av-special-heading-tag{\nfont-size:0.8em;\n}\n}\n<\/style>\n<div  class='av-special-heading av-wkak7-baf06b59090e15f5f914767d6fb237fa av-special-heading-h1 blockquote modern-quote modern-centered  avia-builder-el-8  avia-builder-el-no-sibling  av-inherit-size'><h1 class='av-special-heading-tag'  itemprop=\"headline\"  >Hedeflerinize daha kolay ula\u015fman\u0131z\u0131 sa\u011fl\u0131yoruz.<\/h1><div class=\"special-heading-border\"><div class=\"special-heading-inner-border\"><\/div><\/div><\/div><\/div><div class='flex_column av-8wsatr-31263476caa3df1650733e0648638ee2 av_one_fifth  avia-builder-el-9  el_after_av_three_fifth  el_before_av_one_fifth  flex_column_div '     ><\/div><div class='flex_column av-j3drr-fec73ef532f2d9c7b4302d0cd5236b4a av_one_fifth  avia-builder-el-10  el_after_av_one_fifth  el_before_av_three_fifth  first flex_column_div column-top-margin'     ><\/div><div class='flex_column av-f6vwf-8205e3794976fb2b25b6b145eac30738 av_three_fifth  avia-builder-el-11  el_after_av_one_fifth  el_before_av_one_fifth  flex_column_div column-top-margin'     ><section  class='av_textblock_section av-m3lpdx04-0fadf94a4c3535f01b425d4c414b1e3b'  itemscope=\"itemscope\" itemtype=\"https:\/\/schema.org\/CreativeWork\" ><div class='avia_textblock'  itemprop=\"text\" ><p class=\"p1\" style=\"text-align: center;\">Biz, politikac\u0131lar, siyasiler, partiler ve kamu kurumlar\u0131 i\u00e7in etkili ve \u00e7arp\u0131c\u0131 ileti\u015fim stratejileri geli\u015ftirme konusunda uzman\u0131z. Se\u00e7im kampanyalar\u0131ndan sosyal medya y\u00f6netimine, halkla ili\u015fkilerden kriz ileti\u015fimine kadar geni\u015f bir yelpazede g\u00fc\u00e7l\u00fc ve tutarl\u0131 bir ileti\u015fim sa\u011flamay\u0131 hedefliyoruz.<\/p>\n<p class=\"p1\" style=\"text-align: center;\">Sundu\u011fumuz hizmetlerle, siyasi fig\u00fcrlerin ve kurumlar\u0131n mesajlar\u0131n\u0131 daha etkili bir \u015fekilde iletmelerine yard\u0131mc\u0131 oluyor, kamuoyunda kal\u0131c\u0131 ve olumlu bir izlenim b\u0131rakmalar\u0131n\u0131 sa\u011fl\u0131yoruz. Kampanya s\u00fcre\u00e7lerini profesyonel bir \u015fekilde y\u00f6netiyor, sosyal medya platformlar\u0131nda aktif ve dinamik bir varl\u0131k olu\u015fturarak kitlelerle g\u00fc\u00e7l\u00fc ba\u011flar kurulmas\u0131na destek veriyoruz.<\/p>\n<p class=\"p1\" style=\"text-align: center;\">Ayn\u0131 zamanda, partilerin ve kurumlar\u0131n itibar\u0131n\u0131 g\u00fc\u00e7lendiren halkla ili\u015fkiler \u00e7al\u0131\u015fmalar\u0131 y\u00fcr\u00fct\u00fcyor, kriz anlar\u0131nda h\u0131zl\u0131 ve etkili \u00e7\u00f6z\u00fcmler sunarak ileti\u015fim s\u00fcre\u00e7lerini ba\u015far\u0131yla y\u00f6netiyoruz. Hedefimiz, her zaman mesajlar\u0131n\u0131z\u0131n do\u011fru zamanda, do\u011fru platformda ve do\u011fru \u015fekilde iletilmesini sa\u011flamakt\u0131r.<\/p>\n<p class=\"p1\" style=\"text-align: center;\">Se\u00e7im kampanyalar\u0131n\u0131n stratejik planlamas\u0131ndan, dijital d\u00fcnyan\u0131n yenilik\u00e7i ara\u00e7lar\u0131na kadar her alanda uzmanl\u0131\u011f\u0131m\u0131z\u0131 kullanarak, sizin i\u00e7in \u00f6zel \u00e7\u00f6z\u00fcmler \u00fcretiyoruz. G\u00fc\u00e7l\u00fc bir ileti\u015fimle fark yaratmak isteyen t\u00fcm siyasi akt\u00f6rler ve kamu kurumlar\u0131 i\u00e7in yan\u0131n\u0131zday\u0131z.<\/p>\n<\/div><\/section><\/div><div class='flex_column av-ak4tb-ce686ba8c4d9f81b2d811cc0b22cfe2c av_one_fifth  avia-builder-el-13  el_after_av_three_fifth  el_before_av_hr  flex_column_div column-top-margin'     ><\/div>\n<style type=\"text\/css\" data-created_by=\"avia_inline_auto\" id=\"style-css-av-8qir87-fc75973e420186d88169b80d54be89e9\">\n#top .hr.av-8qir87-fc75973e420186d88169b80d54be89e9{\nmargin-top:70px;\nmargin-bottom:70px;\n}\n.hr.av-8qir87-fc75973e420186d88169b80d54be89e9 .hr-inner{\nwidth:50px;\nborder-color:#ffffff;\n}\n<\/style>\n<div  class='hr av-8qir87-fc75973e420186d88169b80d54be89e9 hr-custom  avia-builder-el-14  el_after_av_one_fifth  el_before_av_one_third  hr-center hr-icon-no'><span class='hr-inner inner-border-av-border-fat'><span class=\"hr-inner-style\"><\/span><\/span><\/div>\n<div class='flex_column av-8hczbb-37f95cfee96c3ef1240e2e639cff0a79 av_one_third  avia-builder-el-15  el_after_av_hr  el_before_av_one_third  first flex_column_div '     ><section  class='av_textblock_section av-8dyc6v-7cc02959bfd6bf5ee38670eb81a5d9c4'  itemscope=\"itemscope\" itemtype=\"https:\/\/schema.org\/CreativeWork\" ><div class='avia_textblock'  itemprop=\"text\" ><p class=\"p1\"><b>1. Siyasal \u0130leti\u015fim: G\u00fc\u00e7l\u00fc Mesajlarla Kitlelere Ula\u015fmak<\/b><b><\/b><\/p>\n<p class=\"p3\"><b>Ba\u015fl\u0131k: Siyasi Ba\u015far\u0131 i\u00e7in Etkili \u0130leti\u015fim Stratejileri<\/b><b><\/b><\/p>\n<p class=\"p4\">Siyasal ileti\u015fim, siyasi fig\u00fcrlerin, partilerin ve kamu kurumlar\u0131n\u0131n kitlelerle etkili bir \u015fekilde ba\u011flant\u0131 kurmas\u0131n\u0131 sa\u011flayan stratejik bir disiplindir. Do\u011fru mesaj\u0131 do\u011fru zamanda do\u011fru kitleye ula\u015ft\u0131rmak, siyasal ileti\u015fimin temel ta\u015f\u0131d\u0131r.<\/p>\n<p class=\"p4\"><b>Siyasal ileti\u015fimde ba\u015far\u0131l\u0131 olman\u0131n yollar\u0131:<\/b><b><\/b><\/p>\n<p class=\"p5\">\u2022<b>Stratejik Mesaj Tasar\u0131m\u0131:<\/b> Mesajlar\u0131n a\u00e7\u0131k, anla\u015f\u0131l\u0131r ve hedef kitleye uygun bir \u015fekilde haz\u0131rlanmas\u0131.<\/p>\n<p class=\"p5\">\u2022<b>Medya Y\u00f6netimi:<\/b> Geleneksel medya ve sosyal medya platformlar\u0131n\u0131n etkin kullan\u0131m\u0131.<\/p>\n<p class=\"p5\">\u2022<b>Kriz Y\u00f6netimi:<\/b> Ani durumlarda h\u0131zl\u0131, \u015feffaf ve do\u011fru ileti\u015fimle g\u00fcven tazeleme.<\/p>\n<p class=\"p5\">\u2022<b>Saha \u00c7al\u0131\u015fmalar\u0131:<\/b> Halkla birebir temas ve geri bildirim mekanizmalar\u0131n\u0131n etkin kullan\u0131m\u0131.<\/p>\n<p class=\"p4\">Se\u00e7im kampanyalar\u0131ndan lider imaj\u0131 olu\u015fturma s\u00fcre\u00e7lerine kadar, siyasal ileti\u015fim uzmanlar\u0131, kitlelerle kal\u0131c\u0131 ba\u011flar kurmaya ve g\u00fcven olu\u015fturmaya odaklan\u0131r.<\/p>\n<\/div><\/section><\/div><div class='flex_column av-85nj8v-834a28c9c63d7a0fc620f25cfdf69295 av_one_third  avia-builder-el-17  el_after_av_one_third  el_before_av_one_third  flex_column_div '     ><section  class='av_textblock_section av-83ceyn-59c98bec7588f0698d0d6e4ae393167f'  itemscope=\"itemscope\" itemtype=\"https:\/\/schema.org\/CreativeWork\" ><div class='avia_textblock'  itemprop=\"text\" ><p class=\"p1\"><b>2. Kamusal Pazarlama: Toplumsal De\u011ferlerle Birlikte B\u00fcy\u00fcmek<\/b><b><\/b><\/p>\n<p class=\"p3\"><b>Ba\u015fl\u0131k: Kamu Hizmetlerinin Etkili Tan\u0131t\u0131m\u0131 ve Y\u00f6netimi<\/b><b><\/b><\/p>\n<p class=\"p4\">Kamusal pazarlama, kamu kurumlar\u0131n\u0131n sundu\u011fu hizmetleri tan\u0131tmak ve vatanda\u015flarla daha etkili bir ileti\u015fim kurmak i\u00e7in kullan\u0131lan stratejik bir yakla\u015f\u0131md\u0131r. Ama\u00e7, toplumsal de\u011ferleri \u00f6n planda tutarak kurumlar\u0131n \u015feffafl\u0131k, eri\u015filebilirlik ve g\u00fcvenilirlik alg\u0131s\u0131n\u0131 art\u0131rmakt\u0131r.<\/p>\n<p class=\"p4\"><b>Kamusal pazarlaman\u0131n temel unsurlar\u0131:<\/b><b><\/b><\/p>\n<p class=\"p5\">\u2022<b>Hizmet Tan\u0131t\u0131m\u0131:<\/b> Kamu projeleri, hizmetler ve yat\u0131r\u0131mlar\u0131n halk taraf\u0131ndan do\u011fru anla\u015f\u0131lmas\u0131n\u0131 sa\u011flamak.<\/p>\n<p class=\"p5\">\u2022<b>Kat\u0131l\u0131mc\u0131 \u0130leti\u015fim:<\/b> Vatanda\u015flar\u0131n g\u00f6r\u00fc\u015f ve \u00f6nerilerini s\u00fcrece dahil ederek karar alma s\u00fcre\u00e7lerini zenginle\u015ftirmek.<\/p>\n<p class=\"p5\">\u2022<b>Sosyal Medya Stratejileri:<\/b> Dijital platformlarda etkin i\u00e7erik y\u00f6netimi ve geni\u015f eri\u015fim.<\/p>\n<p class=\"p5\">\u2022<b>Marka Y\u00f6netimi:<\/b> Kamu kurumlar\u0131n\u0131n kurumsal kimliklerini g\u00fc\u00e7lendirmek.<\/p>\n<p class=\"p4\">Kamusal pazarlama, vatanda\u015flarla do\u011frudan ba\u011f kurman\u0131n en etkili yollar\u0131ndan biridir ve toplumsal kalk\u0131nmaya katk\u0131 sunar.<\/p>\n<\/div><\/section><\/div><div class='flex_column av-7vx16v-ad0db432d63dce3dd9c1610470fd6580 av_one_third  avia-builder-el-19  el_after_av_one_third  avia-builder-el-last  flex_column_div '     ><section  class='av_textblock_section av-7qyrr3-a0d9ac66fb190341b494c3a1fda50cff'  itemscope=\"itemscope\" itemtype=\"https:\/\/schema.org\/CreativeWork\" ><div class='avia_textblock'  itemprop=\"text\" ><p class=\"p1\"><b>3. Yerel Destinasyon Kalk\u0131nma: B\u00f6lgenizin Potansiyelini A\u00e7\u0131\u011fa \u00c7\u0131kar\u0131n<\/b><b><\/b><\/p>\n<p class=\"p3\"><b>Ba\u015fl\u0131k: Turizm ve Ekonomi i\u00e7in S\u00fcrd\u00fcr\u00fclebilir Kalk\u0131nma Stratejileri<\/b><b><\/b><\/p>\n<p class=\"p4\">Yerel destinasyon kalk\u0131nma, b\u00f6lgelerin k\u00fclt\u00fcrel, do\u011fal ve ekonomik potansiyellerini de\u011ferlendirerek, s\u00fcrd\u00fcr\u00fclebilir bir kalk\u0131nma hedefi do\u011frultusunda planlanan faaliyetler b\u00fct\u00fcn\u00fcd\u00fcr. \u00d6zellikle turizm ve yerel \u00fcretim alanlar\u0131nda stratejik planlamalar, b\u00f6lgesel kalk\u0131nmay\u0131 h\u0131zland\u0131r\u0131r.<\/p>\n<p class=\"p4\"><b>Yerel destinasyon kalk\u0131nma i\u00e7in temel stratejiler:<\/b><b><\/b><\/p>\n<p class=\"p5\">\u2022<b>Turizm Stratejileri:<\/b> Do\u011fal g\u00fczellikler, tarihi yap\u0131lar ve k\u00fclt\u00fcrel miras\u0131n tan\u0131t\u0131m\u0131 i\u00e7in etkin kampanyalar.<\/p>\n<p class=\"p5\">\u2022<b>Yerel \u00dcr\u00fcnlerin Desteklenmesi:<\/b> Tar\u0131m, el sanatlar\u0131 ve y\u00f6resel lezzetlerin markala\u015ft\u0131r\u0131larak ekonomiye kazand\u0131r\u0131lmas\u0131.<\/p>\n<p class=\"p5\">\u2022<b>Sosyal Medya ve Dijital Pazarlama:<\/b> Yerel destinasyonlar\u0131n ulusal ve uluslararas\u0131 platformlarda tan\u0131t\u0131lmas\u0131.<\/p>\n<p class=\"p5\">\u2022<b>E\u011fitim ve Bilin\u00e7lendirme:<\/b> Yerel halk\u0131n kalk\u0131nma s\u00fcre\u00e7lerine aktif kat\u0131l\u0131m\u0131n\u0131 sa\u011flamak i\u00e7in bilin\u00e7lendirme \u00e7al\u0131\u015fmalar\u0131.<\/p>\n<p class=\"p4\">Bu t\u00fcr kalk\u0131nma \u00e7al\u0131\u015fmalar\u0131, b\u00f6lgenin ekonomik, sosyal ve k\u00fclt\u00fcrel potansiyelini art\u0131r\u0131r ve s\u00fcrd\u00fcr\u00fclebilir bir gelecek i\u00e7in sa\u011flam temeller olu\u015fturur.<\/p>\n<\/div><\/section><\/div>\n<\/div><\/div><\/div><!-- close content main div --><\/div><\/div><div id='after_section_2'  class='main_color av_default_container_wrap container_wrap sidebar_right'  ><div class='container av-section-cont-open' ><div class='template-page content  av-content-small alpha units'><div class='post-entry post-entry-type-page post-entry-519'><div class='entry-content-wrapper clearfix'><\/p>\n","protected":false},"excerpt":{"rendered":"","protected":false},"author":1,"featured_media":0,"parent":0,"menu_order":0,"comment_status":"closed","ping_status":"closed","template":"","meta":{"footnotes":""},"class_list":["post-519","page","type-page","status-publish","hentry"],"_links":{"self":[{"href":"https:\/\/cihatguven.com\/index.php\/wp-json\/wp\/v2\/pages\/519","targetHints":{"allow":["GET"]}}],"collection":[{"href":"https:\/\/cihatguven.com\/index.php\/wp-json\/wp\/v2\/pages"}],"about":[{"href":"https:\/\/cihatguven.com\/index.php\/wp-json\/wp\/v2\/types\/page"}],"author":[{"embeddable":true,"href":"https:\/\/cihatguven.com\/index.php\/wp-json\/wp\/v2\/users\/1"}],"replies":[{"embeddable":true,"href":"https:\/\/cihatguven.com\/index.php\/wp-json\/wp\/v2\/comments?post=519"}],"version-history":[{"count":17,"href":"https:\/\/cihatguven.com\/index.php\/wp-json\/wp\/v2\/pages\/519\/revisions"}],"predecessor-version":[{"id":622,"href":"https:\/\/cihatguven.com\/index.php\/wp-json\/wp\/v2\/pages\/519\/revisions\/622"}],"wp:attachment":[{"href":"https:\/\/cihatguven.com\/index.php\/wp-json\/wp\/v2\/media?parent=519"}],"curies":[{"name":"wp","href":"https:\/\/api.w.org\/{rel}","templated":true}]}}