{"id":522,"date":"2015-02-22T20:08:56","date_gmt":"2015-02-22T20:08:56","guid":{"rendered":"http:\/\/wp\/enfold-medium-business\/?page_id=18"},"modified":"2024-11-17T20:37:12","modified_gmt":"2024-11-17T17:37:12","slug":"biyografi","status":"publish","type":"page","link":"https:\/\/cihatguven.com\/index.php\/biyografi\/","title":{"rendered":"Biyografi"},"content":{"rendered":"\n<style type=\"text\/css\" data-created_by=\"avia_inline_auto\" id=\"style-css-av-dc9fdu-1228ba6602046a5cde5607edd15d0ce4\">\n.avia-section.av-dc9fdu-1228ba6602046a5cde5607edd15d0ce4 .av-parallax .av-parallax-inner{\nbackground-repeat:no-repeat;\nbackground-image:url(https:\/\/cihatguven.com\/wp-content\/uploads\/2024\/11\/bg.png);\nbackground-position:50% 50%;\nbackground-attachment:scroll;\n}\n.avia-section.av-dc9fdu-1228ba6602046a5cde5607edd15d0ce4 .av-section-color-overlay{\nopacity:0.8;\nbackground-color:#11182b;\n}\n<\/style>\n<div id='av_section_1'  class='avia-section av-dc9fdu-1228ba6602046a5cde5607edd15d0ce4 main_color avia-section-huge avia-no-border-styling  avia-builder-el-0  el_before_av_section  avia-builder-el-first  avia-full-stretch av-parallax-section avia-bg-style-parallax av-section-color-overlay-active av-minimum-height av-minimum-height-25  container_wrap sidebar_right'  data-section-bg-repeat='stretch' data-av_minimum_height_pc='25'><div class='av-parallax' data-avia-parallax-ratio='0.3' ><div class='av-parallax-inner main_color avia-full-stretch'><\/div><\/div><div class=\"av-section-color-overlay-wrap\"><div class=\"av-section-color-overlay\"><\/div><a href='#next-section' title='' class='scroll-down-link ' aria-hidden='true' data-av_icon='\ue877' data-av_iconfont='entypo-fontello'><\/a><div class='container av-section-cont-open' ><main  role=\"main\" itemprop=\"mainContentOfPage\"  class='template-page content  av-content-small alpha units'><div class='post-entry post-entry-type-page post-entry-522'><div class='entry-content-wrapper clearfix'>\n<div class='flex_column av-d3dtze-413442afcb858e066c91cba35e724d68 av_one_fifth  avia-builder-el-1  el_before_av_three_fifth  avia-builder-el-first  first flex_column_div '     ><\/div><div class='flex_column av-d0ogky-b0c057e231adc985e02338fe863a324a av_three_fifth  avia-builder-el-2  el_after_av_one_fifth  el_before_av_one_fifth  flex_column_div '     ><style type=\"text\/css\" data-created_by=\"avia_inline_auto\" id=\"style-css-av-csq8ki-7db05d71ec6483bcf6481717ea7f6e73\">\n#top .av-special-heading.av-csq8ki-7db05d71ec6483bcf6481717ea7f6e73{\npadding-bottom:10px;\ncolor:#ffffff;\nfont-size:40px;\n}\nbody .av-special-heading.av-csq8ki-7db05d71ec6483bcf6481717ea7f6e73 .av-special-heading-tag .heading-char{\nfont-size:25px;\n}\n#top #wrap_all .av-special-heading.av-csq8ki-7db05d71ec6483bcf6481717ea7f6e73 .av-special-heading-tag{\nfont-size:40px;\n}\n.av-special-heading.av-csq8ki-7db05d71ec6483bcf6481717ea7f6e73 .special-heading-inner-border{\nborder-color:#ffffff;\n}\n.av-special-heading.av-csq8ki-7db05d71ec6483bcf6481717ea7f6e73 .av-subheading{\nfont-size:15px;\n}\n\n@media only screen and (min-width: 480px) and (max-width: 767px){ \n#top #wrap_all .av-special-heading.av-csq8ki-7db05d71ec6483bcf6481717ea7f6e73 .av-special-heading-tag{\nfont-size:0.8em;\n}\n}\n\n@media only screen and (max-width: 479px){ \n#top #wrap_all .av-special-heading.av-csq8ki-7db05d71ec6483bcf6481717ea7f6e73 .av-special-heading-tag{\nfont-size:0.8em;\n}\n}\n<\/style>\n<div  class='av-special-heading av-csq8ki-7db05d71ec6483bcf6481717ea7f6e73 av-special-heading-h1 custom-color-heading blockquote modern-quote modern-centered  avia-builder-el-3  avia-builder-el-no-sibling  av-inherit-size'><h1 class='av-special-heading-tag'  itemprop=\"headline\"  >Biyografi<\/h1><div class=\"special-heading-border\"><div class=\"special-heading-inner-border\"><\/div><\/div><\/div><\/div><div class='flex_column av-cig0my-3ce46b720f52cc803176e2724927864f av_one_fifth  avia-builder-el-4  el_after_av_three_fifth  avia-builder-el-last  flex_column_div '     ><\/div><\/div><\/div><\/main><!-- close content main element --><\/div><\/div><\/div><div id='values'  class='avia-section av-bc6lsy-99aa25f01c40933ba22773f379ef5fe4 main_color avia-section-huge avia-no-border-styling  avia-builder-el-5  el_after_av_section  avia-builder-el-last  avia-bg-style-scroll container_wrap sidebar_right'  ><div class='container av-section-cont-open' ><div class='template-page content  av-content-small alpha units'><div class='post-entry post-entry-type-page post-entry-522'><div class='entry-content-wrapper clearfix'>\n<div class='flex_column av-b60sgq-76ff859da7c53d8714b041fb3e3a7925 av_one_fifth  avia-builder-el-6  el_before_av_three_fifth  avia-builder-el-first  first flex_column_div '     ><\/div><div class='flex_column av-13fulm-6ac8628c26666abb3d83d9692f6cc1ce av_three_fifth  avia-builder-el-7  el_after_av_one_fifth  el_before_av_one_fifth  flex_column_div '     ><style type=\"text\/css\" data-created_by=\"avia_inline_auto\" id=\"style-css-av-aupntu-b807f4ac895630b1ecced3b9b463d3e5\">\n#top .av-special-heading.av-aupntu-b807f4ac895630b1ecced3b9b463d3e5{\npadding-bottom:10px;\nfont-size:40px;\n}\nbody .av-special-heading.av-aupntu-b807f4ac895630b1ecced3b9b463d3e5 .av-special-heading-tag .heading-char{\nfont-size:25px;\n}\n#top #wrap_all .av-special-heading.av-aupntu-b807f4ac895630b1ecced3b9b463d3e5 .av-special-heading-tag{\nfont-size:40px;\n}\n.av-special-heading.av-aupntu-b807f4ac895630b1ecced3b9b463d3e5 .av-subheading{\nfont-size:15px;\n}\n\n@media only screen and (min-width: 480px) and (max-width: 767px){ \n#top #wrap_all .av-special-heading.av-aupntu-b807f4ac895630b1ecced3b9b463d3e5 .av-special-heading-tag{\nfont-size:0.8em;\n}\n}\n\n@media only screen and (max-width: 479px){ \n#top #wrap_all .av-special-heading.av-aupntu-b807f4ac895630b1ecced3b9b463d3e5 .av-special-heading-tag{\nfont-size:0.8em;\n}\n}\n<\/style>\n<div  class='av-special-heading av-aupntu-b807f4ac895630b1ecced3b9b463d3e5 av-special-heading-h1 blockquote modern-quote modern-centered  avia-builder-el-8  avia-builder-el-no-sibling  av-thin-font av-inherit-size'><h1 class='av-special-heading-tag'  itemprop=\"headline\"  ><strong>Cihat G\u00fcven<\/strong> Hakk\u0131nda<\/h1><div class=\"special-heading-border\"><div class=\"special-heading-inner-border\"><\/div><\/div><\/div><\/div><div class='flex_column av-amno0i-10951a440d8e540d9a65675ad0cac6db av_one_fifth  avia-builder-el-9  el_after_av_three_fifth  el_before_av_one_third  flex_column_div '     ><\/div><div class='flex_column av-jccay-0b38c372dd0fcb63081bf67f73dbdc8b av_one_third  avia-builder-el-10  el_after_av_one_fifth  el_before_av_one_third  first flex_column_div column-top-margin'     ><\/div><div class='flex_column av-506q-9d2e8e6094707293d1db0b6a239669fe av_one_third  avia-builder-el-11  el_after_av_one_third  el_before_av_one_third  flex_column_div column-top-margin'     ><style type=\"text\/css\" data-created_by=\"avia_inline_auto\" id=\"style-css-av-m3ls7w6m-ebe1d593bdfdaa4afa7154b1a637aef2\">\n.avia-image-container.av-m3ls7w6m-ebe1d593bdfdaa4afa7154b1a637aef2 img.avia_image{\nbox-shadow:none;\n}\n.avia-image-container.av-m3ls7w6m-ebe1d593bdfdaa4afa7154b1a637aef2 .av-image-caption-overlay-center{\ncolor:#ffffff;\n}\n<\/style>\n<div  class='avia-image-container av-m3ls7w6m-ebe1d593bdfdaa4afa7154b1a637aef2 av-styling- avia-align-center  avia-builder-el-12  avia-builder-el-no-sibling '   itemprop=\"image\" itemscope=\"itemscope\" itemtype=\"https:\/\/schema.org\/ImageObject\" ><div class=\"avia-image-container-inner\"><div class=\"avia-image-overlay-wrap\"><img decoding=\"async\" class='wp-image-604 avia-img-lazy-loading-not-604 avia_image ' src=\"https:\/\/cihatguven.com\/wp-content\/uploads\/2024\/11\/cg.png\" alt='' title='cg'  height=\"1505\" width=\"1712\"  itemprop=\"thumbnailUrl\" srcset=\"https:\/\/cihatguven.com\/wp-content\/uploads\/2024\/11\/cg.png 1712w, https:\/\/cihatguven.com\/wp-content\/uploads\/2024\/11\/cg-300x264.png 300w, https:\/\/cihatguven.com\/wp-content\/uploads\/2024\/11\/cg-1030x905.png 1030w, https:\/\/cihatguven.com\/wp-content\/uploads\/2024\/11\/cg-768x675.png 768w, https:\/\/cihatguven.com\/wp-content\/uploads\/2024\/11\/cg-1536x1350.png 1536w, https:\/\/cihatguven.com\/wp-content\/uploads\/2024\/11\/cg-1500x1319.png 1500w, https:\/\/cihatguven.com\/wp-content\/uploads\/2024\/11\/cg-705x620.png 705w\" sizes=\"(max-width: 1712px) 100vw, 1712px\" \/><\/div><\/div><\/div><\/div><div class='flex_column av-a8o0a-89cf999f1f731d1521b70f0af19ca4b6 av_one_third  avia-builder-el-13  el_after_av_one_third  el_before_av_one_third  flex_column_div column-top-margin'     ><\/div><div class='flex_column av-adhzyi-e3789d39923ddec68f921f115cd13d83 av_one_third  avia-builder-el-14  el_after_av_one_third  el_before_av_one_third  first flex_column_div column-top-margin'     ><section  class='av_textblock_section av-a4heru-cd8dd072b2f9084bdfdc8260b2432bfd'  itemscope=\"itemscope\" itemtype=\"https:\/\/schema.org\/CreativeWork\" ><div class='avia_textblock'  itemprop=\"text\" ><h2 class=\"title\">Cihat G\u00fcven, 1982 Ankara do\u011fumlu.<\/h2>\n<p>Babas\u0131 memur oldu\u011fu i\u00e7in T\u00fcrkiye&#8217;nin d\u00f6rt bir yan\u0131nda ya\u015fama f\u0131rsat\u0131 buldu. Ankara, Mardin, Manisa, Tunceli, Kars ve Hatay gibi \u015fehirlerde zaman ge\u00e7irdi; Zonguldak&#8217;ta ilkokul ve ortaokul, Bayburt&#8217;ta lise ve Tokat&#8217;ta \u00fcniversitede arkada\u015fl\u0131klar kurdu.<\/p>\n<div class=\"section-para\"><i><b>&#8221; Harita Kadastro diplomas\u0131yla i\u015f d\u00fcnyas\u0131na at\u0131ld\u0131. &#8220;<\/b><\/i><\/div>\n<\/div><\/section><\/div><div class='flex_column av-9y2pzm-6430ebf5a5f1fad3fea01e2a4378960e av_one_third  avia-builder-el-16  el_after_av_one_third  el_before_av_one_third  flex_column_div column-top-margin'     ><section  class='av_textblock_section av-9snxn6-1a23463517624095db837802693aeb46'  itemscope=\"itemscope\" itemtype=\"https:\/\/schema.org\/CreativeWork\" ><div class='avia_textblock'  itemprop=\"text\" ><p>2005-2011 y\u0131llar\u0131 aras\u0131nda kamuda g\u00f6rev \u00fcstlendi. Tapu ve Kadastro Genel M\u00fcd\u00fcrl\u00fc\u011f\u00fc ve \u0130stanbul \/ \u00c7atalca Belediyesi gibi kurumlarda \u00e7al\u0131\u015farak, memuriyet, Ar-Ge, yerel y\u00f6netim ve siyasal ileti\u015fim deneyimi kazand\u0131.<\/p>\n<\/div><\/section><\/div><div class='flex_column av-9qadea-d1894d3196d04c0727004fe2b342c770 av_one_third  avia-builder-el-18  el_after_av_one_third  avia-builder-el-last  flex_column_div column-top-margin'     ><section  class='av_textblock_section av-9kgx9u-2a7b09b664f22ac62e3ac3a8d9415cbc'  itemscope=\"itemscope\" itemtype=\"https:\/\/schema.org\/CreativeWork\" ><div class='avia_textblock'  itemprop=\"text\" ><p>2011&#8217;den itibaren reklam sekt\u00f6r\u00fcne y\u00f6neldi. Ba\u015far\u0131lar\u0131n\u0131 i\u015f \u00f6rnekleri ve referanslar b\u00f6l\u00fcm\u00fcnde inceleyebilirsiniz. E\u015fi ve iki \u00e7ocu\u011funa sevgiyle ba\u011fl\u0131&#8230;Sekt\u00f6r\u00fcne tutkulu.<br \/>\nPolitik reklam, giri\u015fimcilik projeleri ve di\u011fer s\u00fcrprizlerle dolu bir hayat s\u00fcrerken, gelece\u011fin neler getirece\u011fini ya\u015fayarak deneyimlemeye devam ediyor.<\/p>\n<\/div><\/section><\/div>\n<\/div><\/div><\/div><!-- close content main div --><\/div><\/div><div id='after_section_2'  class='main_color av_default_container_wrap container_wrap sidebar_right'  ><div class='container av-section-cont-open' ><div class='template-page content  av-content-small alpha units'><div class='post-entry post-entry-type-page post-entry-522'><div class='entry-content-wrapper clearfix'><\/p>\n","protected":false},"excerpt":{"rendered":"","protected":false},"author":1,"featured_media":0,"parent":0,"menu_order":0,"comment_status":"closed","ping_status":"closed","template":"","meta":{"footnotes":""},"class_list":["post-522","page","type-page","status-publish","hentry"],"_links":{"self":[{"href":"https:\/\/cihatguven.com\/index.php\/wp-json\/wp\/v2\/pages\/522","targetHints":{"allow":["GET"]}}],"collection":[{"href":"https:\/\/cihatguven.com\/index.php\/wp-json\/wp\/v2\/pages"}],"about":[{"href":"https:\/\/cihatguven.com\/index.php\/wp-json\/wp\/v2\/types\/page"}],"author":[{"embeddable":true,"href":"https:\/\/cihatguven.com\/index.php\/wp-json\/wp\/v2\/users\/1"}],"replies":[{"embeddable":true,"href":"https:\/\/cihatguven.com\/index.php\/wp-json\/wp\/v2\/comments?post=522"}],"version-history":[{"count":10,"href":"https:\/\/cihatguven.com\/index.php\/wp-json\/wp\/v2\/pages\/522\/revisions"}],"predecessor-version":[{"id":666,"href":"https:\/\/cihatguven.com\/index.php\/wp-json\/wp\/v2\/pages\/522\/revisions\/666"}],"wp:attachment":[{"href":"https:\/\/cihatguven.com\/index.php\/wp-json\/wp\/v2\/media?parent=522"}],"curies":[{"name":"wp","href":"https:\/\/api.w.org\/{rel}","templated":true}]}}