{"id":523,"date":"2015-02-22T20:09:33","date_gmt":"2015-02-22T20:09:33","guid":{"rendered":"http:\/\/wp\/enfold-medium-business\/?page_id=21"},"modified":"2024-11-18T09:08:58","modified_gmt":"2024-11-18T06:08:58","slug":"bize-ulasin","status":"publish","type":"page","link":"https:\/\/cihatguven.com\/index.php\/bize-ulasin\/","title":{"rendered":"Bize Ula\u015f\u0131n"},"content":{"rendered":"\n<style type=\"text\/css\" data-created_by=\"avia_inline_auto\" id=\"style-css-av-4qpy9f-5c073257c452abf80d61f669c125c3fb\">\n.avia-section.av-4qpy9f-5c073257c452abf80d61f669c125c3fb .av-parallax .av-parallax-inner{\nbackground-repeat:no-repeat;\nbackground-image:url(https:\/\/cihatguven.com\/wp-content\/uploads\/2024\/11\/bg.png);\nbackground-position:50% 50%;\nbackground-attachment:scroll;\n}\n.avia-section.av-4qpy9f-5c073257c452abf80d61f669c125c3fb .av-section-color-overlay{\nopacity:0.7;\nbackground-color:#11182b;\n}\n<\/style>\n<div id='av_section_1'  class='avia-section av-4qpy9f-5c073257c452abf80d61f669c125c3fb main_color avia-section-huge avia-no-border-styling  avia-builder-el-0  el_before_av_section  avia-builder-el-first  avia-full-stretch av-parallax-section avia-bg-style-parallax av-section-color-overlay-active av-minimum-height av-minimum-height-25  container_wrap sidebar_right'  data-section-bg-repeat='stretch' data-av_minimum_height_pc='25'><div class='av-parallax' data-avia-parallax-ratio='0.3' ><div class='av-parallax-inner main_color avia-full-stretch'><\/div><\/div><div class=\"av-section-color-overlay-wrap\"><div class=\"av-section-color-overlay\"><\/div><a href='#next-section' title='' class='scroll-down-link ' aria-hidden='true' data-av_icon='\ue877' data-av_iconfont='entypo-fontello'><\/a><div class='container av-section-cont-open' ><main  role=\"main\" itemprop=\"mainContentOfPage\"  class='template-page content  av-content-small alpha units'><div class='post-entry post-entry-type-page post-entry-523'><div class='entry-content-wrapper clearfix'>\n<div class='flex_column av-4m25d7-8c6689f4f5854d1d7e796d9154bdfb87 av_one_fifth  avia-builder-el-1  el_before_av_three_fifth  avia-builder-el-first  first flex_column_div '     ><\/div><div class='flex_column av-4gq96r-28fa84d674a59aab130e85f5c5fee42c av_three_fifth  avia-builder-el-2  el_after_av_one_fifth  el_before_av_one_fifth  flex_column_div '     ><style type=\"text\/css\" data-created_by=\"avia_inline_auto\" id=\"style-css-av-49ea3n-cbcc0f6522221004acf891fa4cf09f60\">\n#top .av-special-heading.av-49ea3n-cbcc0f6522221004acf891fa4cf09f60{\npadding-bottom:10px;\ncolor:#ffffff;\nfont-size:40px;\n}\nbody .av-special-heading.av-49ea3n-cbcc0f6522221004acf891fa4cf09f60 .av-special-heading-tag .heading-char{\nfont-size:25px;\n}\n#top #wrap_all .av-special-heading.av-49ea3n-cbcc0f6522221004acf891fa4cf09f60 .av-special-heading-tag{\nfont-size:40px;\n}\n.av-special-heading.av-49ea3n-cbcc0f6522221004acf891fa4cf09f60 .special-heading-inner-border{\nborder-color:#ffffff;\n}\n.av-special-heading.av-49ea3n-cbcc0f6522221004acf891fa4cf09f60 .av-subheading{\nfont-size:15px;\n}\n\n@media only screen and (min-width: 480px) and (max-width: 767px){ \n#top #wrap_all .av-special-heading.av-49ea3n-cbcc0f6522221004acf891fa4cf09f60 .av-special-heading-tag{\nfont-size:0.8em;\n}\n}\n\n@media only screen and (max-width: 479px){ \n#top #wrap_all .av-special-heading.av-49ea3n-cbcc0f6522221004acf891fa4cf09f60 .av-special-heading-tag{\nfont-size:0.8em;\n}\n}\n<\/style>\n<div  class='av-special-heading av-49ea3n-cbcc0f6522221004acf891fa4cf09f60 av-special-heading-h1 custom-color-heading blockquote modern-quote modern-centered  avia-builder-el-3  avia-builder-el-no-sibling  av-inherit-size'><h1 class='av-special-heading-tag'  itemprop=\"headline\"  >Bize Ula\u015f\u0131n<\/h1><div class=\"special-heading-border\"><div class=\"special-heading-inner-border\"><\/div><\/div><\/div><\/div><div class='flex_column av-3wvxwr-88d6f3587bec77b7a68239e802d9c77f av_one_fifth  avia-builder-el-4  el_after_av_three_fifth  avia-builder-el-last  flex_column_div '     ><\/div>\n\n<\/div><\/div><\/main><!-- close content main element --><\/div><\/div><\/div><div id='av_section_2'  class='avia-section av-jiiiz-3772319e3169c82dcc0d31526c299934 main_color avia-section-default avia-no-border-styling  avia-builder-el-5  el_after_av_section  avia-builder-el-last  avia-bg-style-scroll container_wrap sidebar_right'  ><div class='container av-section-cont-open' ><div class='template-page content  av-content-small alpha units'><div class='post-entry post-entry-type-page post-entry-523'><div class='entry-content-wrapper clearfix'>\n<div class='flex_column av-gy9jf-3e1194601d9121eb41a3c1a5db0cb58d av_one_fourth  avia-builder-el-6  el_before_av_one_half  avia-builder-el-first  first flex_column_div '     ><\/div><div class='flex_column av-axefv-4d8a3b70e3e13ac68bf140b95823a7e9 av_one_half  avia-builder-el-7  el_after_av_one_fourth  el_before_av_one_fourth  flex_column_div '     ><section  class='av_textblock_section av-m3lt0hqq-56e4c828d2e9fff0e6d2d212eb265587'  itemscope=\"itemscope\" itemtype=\"https:\/\/schema.org\/CreativeWork\" ><div class='avia_textblock'  itemprop=\"text\" ><div style=\"text-align: center;\"><strong>Telefon:<\/strong><\/div>\n<div class=\"details\" style=\"text-align: center;\">+90 505 943 99 99<\/div>\n<div class=\"icon\" style=\"text-align: center;\"><\/div>\n<div style=\"text-align: center;\"><strong>E-Posta<\/strong><\/div>\n<div class=\"details\" style=\"text-align: center;\"><a href=\"mailto:iletisim@cihatguven.com\">iletisim@cihatguven.com<\/a><\/div>\n<\/div><\/section><br \/>\n\n<style type=\"text\/css\" data-created_by=\"avia_inline_auto\" id=\"style-css-av-m3lt2c7c-ca6b558f65b7a7f6930b5b576f01ea77\">\n#top .hr.av-m3lt2c7c-ca6b558f65b7a7f6930b5b576f01ea77{\nmargin-top:30px;\nmargin-bottom:30px;\n}\n.hr.av-m3lt2c7c-ca6b558f65b7a7f6930b5b576f01ea77 .hr-inner{\nwidth:50px;\nborder-color:#e83737;\nmax-width:45%;\n}\n<\/style>\n<div  class='hr av-m3lt2c7c-ca6b558f65b7a7f6930b5b576f01ea77 hr-custom  avia-builder-el-9  el_after_av_textblock  el_before_av_contact  hr-center hr-icon-yes'><span class='hr-inner inner-border-av-border-thin'><span class=\"hr-inner-style\"><\/span><\/span><span class='av-seperator-icon' aria-hidden='true' data-av_icon='\ue805' data-av_iconfont='entypo-fontello'><\/span><span class='hr-inner inner-border-av-border-thin'><span class=\"hr-inner-style\"><\/span><\/span><\/div><br \/>\n<form action=\"https:\/\/cihatguven.com\/index.php\/bize-ulasin\/\" method=\"post\"  class=\"avia_ajax_form av-form-labels-visible   avia-builder-el-10  el_after_av_hr  avia-builder-el-last   \" data-avia-form-id=\"1\" data-avia-redirect='' ><fieldset><p class='  first_form  form_element form_fullwidth' id='element_avia_1_1'><label for=\"avia_1_1\">Ad\u0131n\u0131z <abbr class=\"required\" title=\"Zorunlu\">*<\/abbr><\/label> <input name=\"avia_1_1\" class=\"text_input is_empty\" type=\"text\" id=\"avia_1_1\" value=\"\" \/><\/p><p class='  first_form  form_element form_fullwidth' id='element_avia_2_1'><label for=\"avia_2_1\">E-Posta adresiniz<\/label> <input name=\"avia_2_1\" class=\"text_input \" type=\"text\" id=\"avia_2_1\" value=\"\" \/><\/p><p class='  first_form  form_element form_fullwidth' id='element_avia_3_1'><label for=\"avia_3_1\">Mesaj\u0131n\u0131z\u0131n konusu <abbr class=\"required\" title=\"Zorunlu\">*<\/abbr><\/label> <input name=\"avia_3_1\" class=\"text_input is_empty\" type=\"text\" id=\"avia_3_1\" value=\"\" \/><\/p><p class='  first_form  form_element form_fullwidth av-last-visible-form-element' id='element_avia_4_1'><label for=\"avia_4_1\" class=\"textare_label hidden textare_label_avia_4_1\">Mesaj\u0131n\u0131z <abbr class=\"required\" title=\"Zorunlu\">*<\/abbr><\/label><textarea  name=\"avia_4_1\" class=\"text_area is_empty\" cols=\"40\" rows=\"7\" id=\"avia_4_1\" ><\/textarea><\/p><p class=\"hidden\"><input type=\"text\" name=\"avia_5_1\" class=\"hidden \" id=\"avia_5_1\" value=\"\" \/><\/p><p class=\"form_element \"><input type=\"hidden\" value=\"1\" name=\"avia_generated_form1\" \/><input type=\"submit\" value=\"G\u00f6nder\" class=\"button\"  data-sending-label=\"G\u00f6nderiliyor\"\/><\/p><\/fieldset><\/form><div id=\"ajaxresponse_1\" class=\"ajaxresponse ajaxresponse_1 hidden\"><\/div><\/p><\/div><div class='flex_column av-8qoc3-7f6adc10751257be31b286ae27903ced av_one_fourth  avia-builder-el-11  el_after_av_one_half  avia-builder-el-last  flex_column_div '     ><\/div><\/div><\/div><\/div><!-- close content main div --><\/div><\/div><div id='after_section_2'  class='main_color av_default_container_wrap container_wrap sidebar_right'  ><div class='container av-section-cont-open' ><div class='template-page content  av-content-small alpha units'><div class='post-entry post-entry-type-page post-entry-523'><div class='entry-content-wrapper clearfix'>\n","protected":false},"excerpt":{"rendered":"","protected":false},"author":1,"featured_media":0,"parent":0,"menu_order":0,"comment_status":"closed","ping_status":"closed","template":"","meta":{"footnotes":""},"class_list":["post-523","page","type-page","status-publish","hentry"],"_links":{"self":[{"href":"https:\/\/cihatguven.com\/index.php\/wp-json\/wp\/v2\/pages\/523","targetHints":{"allow":["GET"]}}],"collection":[{"href":"https:\/\/cihatguven.com\/index.php\/wp-json\/wp\/v2\/pages"}],"about":[{"href":"https:\/\/cihatguven.com\/index.php\/wp-json\/wp\/v2\/types\/page"}],"author":[{"embeddable":true,"href":"https:\/\/cihatguven.com\/index.php\/wp-json\/wp\/v2\/users\/1"}],"replies":[{"embeddable":true,"href":"https:\/\/cihatguven.com\/index.php\/wp-json\/wp\/v2\/comments?post=523"}],"version-history":[{"count":16,"href":"https:\/\/cihatguven.com\/index.php\/wp-json\/wp\/v2\/pages\/523\/revisions"}],"predecessor-version":[{"id":670,"href":"https:\/\/cihatguven.com\/index.php\/wp-json\/wp\/v2\/pages\/523\/revisions\/670"}],"wp:attachment":[{"href":"https:\/\/cihatguven.com\/index.php\/wp-json\/wp\/v2\/media?parent=523"}],"curies":[{"name":"wp","href":"https:\/\/api.w.org\/{rel}","templated":true}]}}