{"id":639,"date":"2024-11-17T20:16:36","date_gmt":"2024-11-17T17:16:36","guid":{"rendered":"http:\/\/cihatguven.com\/?page_id=639"},"modified":"2024-11-17T20:36:37","modified_gmt":"2024-11-17T17:36:37","slug":"danismanliklar","status":"publish","type":"page","link":"https:\/\/cihatguven.com\/index.php\/danismanliklar\/","title":{"rendered":"Dan\u0131\u015fmanl\u0131klar"},"content":{"rendered":"\n<style type=\"text\/css\" data-created_by=\"avia_inline_auto\" id=\"style-css-av-dc9fdu-1228ba6602046a5cde5607edd15d0ce4\">\n.avia-section.av-dc9fdu-1228ba6602046a5cde5607edd15d0ce4 .av-parallax .av-parallax-inner{\nbackground-repeat:no-repeat;\nbackground-image:url(https:\/\/cihatguven.com\/wp-content\/uploads\/2024\/11\/bg.png);\nbackground-position:50% 50%;\nbackground-attachment:scroll;\n}\n.avia-section.av-dc9fdu-1228ba6602046a5cde5607edd15d0ce4 .av-section-color-overlay{\nopacity:0.8;\nbackground-color:#11182b;\n}\n<\/style>\n<div id='av_section_1'  class='avia-section av-dc9fdu-1228ba6602046a5cde5607edd15d0ce4 main_color avia-section-huge avia-no-border-styling  avia-builder-el-0  el_before_av_section  avia-builder-el-first  avia-full-stretch av-parallax-section avia-bg-style-parallax av-section-color-overlay-active av-minimum-height av-minimum-height-25  container_wrap sidebar_right'  data-section-bg-repeat='stretch' data-av_minimum_height_pc='25'><div class='av-parallax' data-avia-parallax-ratio='0.3' ><div class='av-parallax-inner main_color avia-full-stretch'><\/div><\/div><div class=\"av-section-color-overlay-wrap\"><div class=\"av-section-color-overlay\"><\/div><a href='#next-section' title='' class='scroll-down-link ' aria-hidden='true' data-av_icon='\ue877' data-av_iconfont='entypo-fontello'><\/a><div class='container av-section-cont-open' ><main  role=\"main\" itemprop=\"mainContentOfPage\"  class='template-page content  av-content-small alpha units'><div class='post-entry post-entry-type-page post-entry-639'><div class='entry-content-wrapper clearfix'>\n<div class='flex_column av-d3dtze-413442afcb858e066c91cba35e724d68 av_one_fifth  avia-builder-el-1  el_before_av_three_fifth  avia-builder-el-first  first flex_column_div '     ><\/div><div class='flex_column av-d0ogky-b0c057e231adc985e02338fe863a324a av_three_fifth  avia-builder-el-2  el_after_av_one_fifth  el_before_av_one_fifth  flex_column_div '     ><style type=\"text\/css\" data-created_by=\"avia_inline_auto\" id=\"style-css-av-csq8ki-b653c77827280214f2a212ba17850191\">\n#top .av-special-heading.av-csq8ki-b653c77827280214f2a212ba17850191{\npadding-bottom:10px;\ncolor:#ffffff;\nfont-size:40px;\n}\nbody .av-special-heading.av-csq8ki-b653c77827280214f2a212ba17850191 .av-special-heading-tag .heading-char{\nfont-size:25px;\n}\n#top #wrap_all .av-special-heading.av-csq8ki-b653c77827280214f2a212ba17850191 .av-special-heading-tag{\nfont-size:40px;\n}\n.av-special-heading.av-csq8ki-b653c77827280214f2a212ba17850191 .special-heading-inner-border{\nborder-color:#ffffff;\n}\n.av-special-heading.av-csq8ki-b653c77827280214f2a212ba17850191 .av-subheading{\nfont-size:15px;\n}\n\n@media only screen and (min-width: 480px) and (max-width: 767px){ \n#top #wrap_all .av-special-heading.av-csq8ki-b653c77827280214f2a212ba17850191 .av-special-heading-tag{\nfont-size:0.8em;\n}\n}\n\n@media only screen and (max-width: 479px){ \n#top #wrap_all .av-special-heading.av-csq8ki-b653c77827280214f2a212ba17850191 .av-special-heading-tag{\nfont-size:0.8em;\n}\n}\n<\/style>\n<div  class='av-special-heading av-csq8ki-b653c77827280214f2a212ba17850191 av-special-heading-h1 custom-color-heading blockquote modern-quote modern-centered  avia-builder-el-3  avia-builder-el-no-sibling  av-inherit-size'><h1 class='av-special-heading-tag'  itemprop=\"headline\"  >Dan\u0131\u015fmanl\u0131klar<\/h1><div class=\"special-heading-border\"><div class=\"special-heading-inner-border\"><\/div><\/div><\/div><\/div><div class='flex_column av-cig0my-3ce46b720f52cc803176e2724927864f av_one_fifth  avia-builder-el-4  el_after_av_three_fifth  avia-builder-el-last  flex_column_div '     ><\/div><\/div><\/div><\/main><!-- close content main element --><\/div><\/div><\/div><div id='values'  class='avia-section av-bc6lsy-99aa25f01c40933ba22773f379ef5fe4 main_color avia-section-huge avia-no-border-styling  avia-builder-el-5  el_after_av_section  avia-builder-el-last  avia-bg-style-scroll container_wrap sidebar_right'  ><div class='container av-section-cont-open' ><div class='template-page content  av-content-small alpha units'><div class='post-entry post-entry-type-page post-entry-639'><div class='entry-content-wrapper clearfix'>\n<div class='flex_column av-b60sgq-76ff859da7c53d8714b041fb3e3a7925 av_one_fifth  avia-builder-el-6  el_before_av_three_fifth  avia-builder-el-first  first flex_column_div '     ><\/div><div class='flex_column av-13fulm-6ac8628c26666abb3d83d9692f6cc1ce av_three_fifth  avia-builder-el-7  el_after_av_one_fifth  el_before_av_one_fifth  flex_column_div '     ><style type=\"text\/css\" data-created_by=\"avia_inline_auto\" id=\"style-css-av-aupntu-9057d74b3e86bfb9112b291ed5b916c0\">\n#top .av-special-heading.av-aupntu-9057d74b3e86bfb9112b291ed5b916c0{\npadding-bottom:10px;\nfont-size:40px;\n}\nbody .av-special-heading.av-aupntu-9057d74b3e86bfb9112b291ed5b916c0 .av-special-heading-tag .heading-char{\nfont-size:25px;\n}\n#top #wrap_all .av-special-heading.av-aupntu-9057d74b3e86bfb9112b291ed5b916c0 .av-special-heading-tag{\nfont-size:40px;\n}\n.av-special-heading.av-aupntu-9057d74b3e86bfb9112b291ed5b916c0 .av-subheading{\nfont-size:15px;\n}\n\n@media only screen and (min-width: 480px) and (max-width: 767px){ \n#top #wrap_all .av-special-heading.av-aupntu-9057d74b3e86bfb9112b291ed5b916c0 .av-special-heading-tag{\nfont-size:0.8em;\n}\n}\n\n@media only screen and (max-width: 479px){ \n#top #wrap_all .av-special-heading.av-aupntu-9057d74b3e86bfb9112b291ed5b916c0 .av-special-heading-tag{\nfont-size:0.8em;\n}\n}\n<\/style>\n<div  class='av-special-heading av-aupntu-9057d74b3e86bfb9112b291ed5b916c0 av-special-heading-h1 blockquote modern-quote modern-centered  avia-builder-el-8  avia-builder-el-no-sibling  av-thin-font av-inherit-size'><h1 class='av-special-heading-tag'  itemprop=\"headline\"  ><strong>Markala\u015fma<\/strong><\/h1><div class=\"special-heading-border\"><div class=\"special-heading-inner-border\"><\/div><\/div><\/div><\/div><div class='flex_column av-amno0i-10951a440d8e540d9a65675ad0cac6db av_one_fifth  avia-builder-el-9  el_after_av_three_fifth  el_before_av_one_fifth  flex_column_div '     ><\/div><div class='flex_column av-9qadea-6aa9dfd324d1d0488d97d39071abbab2 av_one_fifth  avia-builder-el-10  el_after_av_one_fifth  el_before_av_three_fifth  first flex_column_div column-top-margin'     ><\/div><div class='flex_column av-gdbrr-1c116735316e797bacc02b362450896f av_three_fifth  avia-builder-el-11  el_after_av_one_fifth  el_before_av_one_fifth  flex_column_div column-top-margin'     ><section  class='av_textblock_section av-m3luz0q8-eac117b738e00ab989f8005f7d036ad0'  itemscope=\"itemscope\" itemtype=\"https:\/\/schema.org\/CreativeWork\" ><div class='avia_textblock'  itemprop=\"text\" ><p class=\"s4\"><span class=\"s3\">Markala\u015fma hizmetleri ile i\u015fletmeniz i\u00e7in g\u00fc\u00e7l\u00fc ve etkili marka kimlikleri olu\u015fturarak, hedef kitlelerin dikkatini \u00e7ekmeye yard\u0131mc\u0131 oluyor. Sizi sekt\u00f6r\u00fcn \u00f6ne \u00e7\u0131kan oyuncular\u0131 aras\u0131na ta\u015f\u0131mak i\u00e7in marka stratejileri geli\u015ftiriyor ve uyguluyor. Profesyonel ekibinin sundu\u011fu \u00f6zelle\u015ftirilmi\u015f \u00e7\u00f6z\u00fcmler, markan\u0131z\u0131n de\u011ferini art\u0131rarak s\u00fcrd\u00fcr\u00fclebilir ba\u015far\u0131ya ula\u015fman\u0131z\u0131 sa\u011flar.<\/span><\/p>\n<p class=\"s4\"><strong><span class=\"s3\">Reklam;<\/span><\/strong><\/p>\n<p class=\"s4\"><span class=\"s3\">Markan\u0131z ve i\u015finiz i\u00e7in dikkat \u00e7ekici ve etkili reklam kampanyalar\u0131 d\u00fczenleyerek, geleneksel ve dijital mecralarda yarat\u0131c\u0131 ve yenilik\u00e7i reklam stratejileriyle hedef kitlenizin ilgisini \u00e7ekmeyi ve tan\u0131n\u0131rl\u0131\u011f\u0131n\u0131z\u0131 art\u0131rmay\u0131 hedefler.<\/span><\/p>\n<p class=\"s4\"><strong><span class=\"s3\">Siyasal \u0130leti\u015fim<\/span><\/strong><\/p>\n<p class=\"s4\"><span class=\"s3\">P<\/span><span class=\"s3\">olitikac\u0131lar,<\/span><span class=\"s3\"> siyasiler,<\/span><span class=\"s3\"> partiler ve kamu kurumlar\u0131 i\u00e7in etkili ve \u00e7arp\u0131c\u0131 ileti<\/span><span class=\"s3\">\u015fim stratejileri geli\u015ftiriyor.<\/span><span class=\"s3\"> Hedef kitlelerin ilgisini \u00e7ekerek siyas<\/span><span class=\"s3\">i hedeflere ula\u015fmay\u0131 ama\u00e7l\u0131yor. Profesyonel ekibi ile<\/span><span class=\"s3\">, toplumun nabz\u0131n\u0131 tutarak, se\u00e7im kampanyalar\u0131, sosyal medya y\u00f6netimi ve halkla ili\u015fkiler alanlar\u0131nda g\u00fc\u00e7l\u00fc<\/span><span class=\"s3\"> ve tutarl\u0131 bir ileti\u015fim sa\u011flar.<\/span><a name=\"_GoBack\"><\/a><\/p>\n<p class=\"s4\"><strong><span class=\"s3\">Kamusal \u0130leti\u015fim;<\/span><\/strong><\/p>\n<p class=\"s4\"><span class=\"s3\">Kamu kurumlar\u0131n\u0131n vatanda\u015flarla etkili ve \u015feffaf bir ileti\u015fim kurmas\u0131n\u0131 sa\u011flayan kamusal ileti\u015fim hizmetleri sunar. Halkla ili\u015fkiler, sosyal medya y\u00f6netimi ve etkinlik d\u00fczenleme gibi alanlarda sunulan hizmetlerle, kurumlar\u0131n toplumla g\u00fc\u00e7l\u00fc ve g\u00fcvenilir ba\u011flar k<\/span><span class=\"s3\">urmas\u0131na yard\u0131mc\u0131 olur.<\/span><\/p>\n<p class=\"s4\"><strong><span class=\"s3\">Yerel Destinasyon Pazarlama;<\/span><\/strong><\/p>\n<p class=\"s4\"><span class=\"s3\">Turistik b\u00f6lgelerin ve destinasyonlar\u0131n potansiyelini ortaya \u00e7\u0131karan yerel destinasyon pazarlama hizmetleri sunar. Yerel k\u00fclt\u00fcr ve de\u011ferleri \u00f6n plana \u00e7\u0131karan pazarlama stratejileriyle, hedef kitlelerin ilgisini \u00e7eker ve destinasyonlar\u0131n tan\u0131n\u0131rl\u0131\u011f\u0131n\u0131 art\u0131r\u0131r. Bu hizmetler, ziyaret\u00e7i say\u0131s\u0131n\u0131 ve gelirlerini art\u0131rmay\u0131 hedefleyen turistik b\u00f6lgeler ve destinasyonlar i\u00e7in b\u00fcy\u00fck \u00f6nem ta\u015f\u0131r.<\/span><\/p>\n<p class=\"s4\"><strong><span class=\"s3\">Stratejik Planlama;<\/span><\/strong><\/p>\n<p class=\"s4\"><span class=\"s3\">Yerel y\u00f6netimler ve kamu kurumlar\u0131 i\u00e7in stratejik dan\u0131\u015fmanl\u0131k hizmetleri sunarak, s\u00fcrd\u00fcr\u00fclebilir ba\u015far\u0131 ve verimli y\u00f6netim hedeflerine ula\u015fman\u0131z\u0131 sa\u011flayacak yol haritalar\u0131 \u00e7izer. \u0130\u015f s\u00fcre\u00e7lerinizi g\u00f6zden ge\u00e7irerek, kaynaklar\u0131n etkin kullan\u0131m\u0131n\u0131 sa\u011flayacak \u00f6neriler sunar ve belediye y\u00f6netiminin her alan\u0131nda etkili \u00e7\u00f6z\u00fcmler geli\u015ftirir. Ayr\u0131ca, yerel y\u00f6netimlerin sosyal ve \u00e7evresel sorumluluklar\u0131n\u0131 yerine getirmelerine destek olarak, toplumsal kat\u0131l\u0131m\u0131 ve s\u00fcrd\u00fcr\u00fclebilir kalk\u0131nmay\u0131 hedefler.<\/span><\/p>\n<\/div><\/section><\/div><div class='flex_column av-bvixb-c5df9831655c46045ccdc3b63418e9a9 av_one_fifth  avia-builder-el-13  el_after_av_three_fifth  avia-builder-el-last  flex_column_div column-top-margin'     ><\/div>\n<\/div><\/div><\/div><!-- close content main div --><\/div><\/div><div id='after_section_2'  class='main_color av_default_container_wrap container_wrap sidebar_right'  ><div class='container av-section-cont-open' ><div class='template-page content  av-content-small alpha units'><div class='post-entry post-entry-type-page post-entry-639'><div class='entry-content-wrapper clearfix'><\/p>\n","protected":false},"excerpt":{"rendered":"","protected":false},"author":1,"featured_media":0,"parent":0,"menu_order":0,"comment_status":"closed","ping_status":"closed","template":"","meta":{"footnotes":""},"class_list":["post-639","page","type-page","status-publish","hentry"],"_links":{"self":[{"href":"https:\/\/cihatguven.com\/index.php\/wp-json\/wp\/v2\/pages\/639","targetHints":{"allow":["GET"]}}],"collection":[{"href":"https:\/\/cihatguven.com\/index.php\/wp-json\/wp\/v2\/pages"}],"about":[{"href":"https:\/\/cihatguven.com\/index.php\/wp-json\/wp\/v2\/types\/page"}],"author":[{"embeddable":true,"href":"https:\/\/cihatguven.com\/index.php\/wp-json\/wp\/v2\/users\/1"}],"replies":[{"embeddable":true,"href":"https:\/\/cihatguven.com\/index.php\/wp-json\/wp\/v2\/comments?post=639"}],"version-history":[{"count":4,"href":"https:\/\/cihatguven.com\/index.php\/wp-json\/wp\/v2\/pages\/639\/revisions"}],"predecessor-version":[{"id":690,"href":"https:\/\/cihatguven.com\/index.php\/wp-json\/wp\/v2\/pages\/639\/revisions\/690"}],"wp:attachment":[{"href":"https:\/\/cihatguven.com\/index.php\/wp-json\/wp\/v2\/media?parent=639"}],"curies":[{"name":"wp","href":"https:\/\/api.w.org\/{rel}","templated":true}]}}